{"id":25,"date":"2024-02-29T10:11:23","date_gmt":"2024-02-29T09:11:23","guid":{"rendered":"https:\/\/zelecsky-hradek.cz\/?page_id=25"},"modified":"2024-06-13T10:29:03","modified_gmt":"2024-06-13T08:29:03","slug":"nasi-pejsci","status":"publish","type":"page","link":"https:\/\/zelecsky-hradek.cz\/index.php\/nasi-pejsci\/","title":{"rendered":"Na\u0161i pejsci"},"content":{"rendered":"\n<div class=\"wp-block-group alignfull has-global-padding is-layout-constrained wp-block-group-is-layout-constrained\">\n<div class=\"wp-block-cover alignfull is-light has-parallax\" style=\"min-height:490px;aspect-ratio:unset;\"><span aria-hidden=\"true\" class=\"wp-block-cover__background has-background-dim-0 has-background-dim\" style=\"background-color:#788578\"><\/span><div class=\"wp-block-cover__image-background wp-image-1405 has-parallax\" style=\"background-position:50% 50%;background-image:url(https:\/\/zelecsky-hradek.cz\/wp-content\/uploads\/2024\/06\/441414120_2721006011398409_502949539771952781_n-1.jpg)\"><\/div><div class=\"wp-block-cover__inner-container is-layout-flow wp-block-cover-is-layout-flow\">\n<p class=\"has-text-align-center has-base-2-color has-text-color has-link-color has-large-font-size wp-elements-bba82b63f875351745b66d66b42d37c9\"><strong>V sou\u010dasn\u00e9 dob\u011b m\u00e1me 4 fenky (Eco, Iggy, Phoebe a Roxy).<\/strong><\/p>\n<\/div><\/div>\n\n\n\n<div class=\"wp-block-group alignfull has-global-padding is-layout-constrained wp-container-core-group-is-layout-d89aad35 wp-block-group-is-layout-constrained\" style=\"margin-top:0;margin-bottom:0;padding-top:var(--wp--preset--spacing--50);padding-right:var(--wp--preset--spacing--50);padding-bottom:var(--wp--preset--spacing--50);padding-left:var(--wp--preset--spacing--50)\">\n<div class=\"wp-block-columns alignwide are-vertically-aligned-top is-layout-flex wp-container-core-columns-is-layout-47c06fe3 wp-block-columns-is-layout-flex\">\n<div class=\"wp-block-column is-vertically-aligned-top is-layout-flow wp-block-column-is-layout-flow\" style=\"flex-basis:50%\">\n<h2 class=\"wp-block-heading\">Roxy (Roxy \u017dele\u010dsk\u00fd hr\u00e1dek)<\/h2>\n\n\n\n<p>Na\u0161e nejmlad\u0161\u00ed se jmenuje Roxy. Narodila se v na\u0161\u00ed chovn\u00e9 stanici. Dr\u017e\u00ed na\u0161i rodovou linii, jej\u00ed m\u00e1mou je Iggy a babi\u010dkou Eco. Roxy je velmi v\u0161estrann\u00e1 a vyrovnan\u00e1 fenka.<\/p>\n\n\n\n<div class=\"wp-block-buttons is-layout-flex wp-block-buttons-is-layout-flex\">\n<div class=\"wp-block-button\"><a class=\"wp-block-button__link wp-element-button\" href=\"https:\/\/zelecsky-hradek.cz\/index.php\/nasi-pejsci\/roxy\/\">V\u00edce o Roxy<\/a><\/div>\n<\/div>\n<\/div>\n\n\n\n<div class=\"wp-block-column is-vertically-aligned-top is-layout-flow wp-block-column-is-layout-flow\" style=\"flex-basis:50%\">\n<figure class=\"wp-block-image alignleft size-full is-resized is-style-rounded is-style-rounded--1\"><img loading=\"lazy\" decoding=\"async\" width=\"300\" height=\"192\" src=\"https:\/\/zelecsky-hradek.cz\/wp-content\/uploads\/2024\/02\/d3f86b0b-fc7d-48c0-9941-e4d52a287069-300x192-1.jpg\" alt=\"\" class=\"wp-image-29\" style=\"aspect-ratio:1.3333333333333333;object-fit:cover;width:385px;height:auto\"\/><\/figure>\n<\/div>\n<\/div>\n<\/div>\n\n\n\n<div class=\"wp-block-group alignfull has-accent-5-background-color has-background has-global-padding is-layout-constrained wp-container-core-group-is-layout-d89aad35 wp-block-group-is-layout-constrained\" style=\"margin-top:0;margin-bottom:0;padding-top:var(--wp--preset--spacing--50);padding-right:var(--wp--preset--spacing--50);padding-bottom:var(--wp--preset--spacing--50);padding-left:var(--wp--preset--spacing--50)\">\n<div class=\"wp-block-group alignwide has-global-padding is-layout-constrained wp-block-group-is-layout-constrained\">\n<div class=\"wp-block-columns alignwide is-layout-flex wp-container-core-columns-is-layout-1da03c2a wp-block-columns-is-layout-flex\">\n<div class=\"wp-block-column is-layout-flow wp-block-column-is-layout-flow\" style=\"flex-basis:40%\">\n<h2 class=\"wp-block-heading\">F\u00edb\u00ed (Phoebe \u017dele\u010dsk\u00fd hr\u00e1dek)<\/h2>\n\n\n\n<p>F\u00edb\u00ed se narodila v na\u0161\u00ed chovn\u00e9 stanici. Dr\u017e\u00ed na\u0161i rodovou linii, jej\u00ed m\u00e1mou je Iggy a babi\u010dkou Eco. F\u00edb\u00ed je energick\u00e1 a dominantn\u00ed fenka s velkou vlohou pro pasen\u00ed.<\/p>\n\n\n\n<div class=\"wp-block-buttons is-layout-flex wp-block-buttons-is-layout-flex\">\n<div class=\"wp-block-button\"><a class=\"wp-block-button__link wp-element-button\" href=\"https:\/\/zelecsky-hradek.cz\/index.php\/nasi-pejsci\/fibi\/\">V\u00edce o F\u00edb\u00ed<\/a><\/div>\n<\/div>\n<\/div>\n\n\n\n<div class=\"wp-block-column is-vertically-aligned-center is-layout-flow wp-block-column-is-layout-flow\" style=\"flex-basis:60%\">\n<figure class=\"wp-block-image aligncenter size-full is-resized is-style-rounded wp-duotone-unset-3 is-style-rounded--2\"><img loading=\"lazy\" decoding=\"async\" width=\"300\" height=\"300\" src=\"https:\/\/zelecsky-hradek.cz\/wp-content\/uploads\/2024\/02\/Phoebe_uvodni-300x300-1.jpg\" alt=\"\" class=\"wp-image-30\" style=\"aspect-ratio:1.3333333333333333;object-fit:cover;width:369px;height:auto\" srcset=\"https:\/\/zelecsky-hradek.cz\/wp-content\/uploads\/2024\/02\/Phoebe_uvodni-300x300-1.jpg 300w, https:\/\/zelecsky-hradek.cz\/wp-content\/uploads\/2024\/02\/Phoebe_uvodni-300x300-1-150x150.jpg 150w\" sizes=\"auto, (max-width: 300px) 100vw, 300px\" \/><\/figure>\n<\/div>\n<\/div>\n<\/div>\n<\/div>\n\n\n\n<div class=\"wp-block-group alignfull has-global-padding is-layout-constrained wp-container-core-group-is-layout-d89aad35 wp-block-group-is-layout-constrained\" style=\"margin-top:0;margin-bottom:0;padding-top:var(--wp--preset--spacing--50);padding-right:var(--wp--preset--spacing--50);padding-bottom:var(--wp--preset--spacing--50);padding-left:var(--wp--preset--spacing--50)\">\n<div class=\"wp-block-columns alignwide are-vertically-aligned-center is-layout-flex wp-container-core-columns-is-layout-47c06fe3 wp-block-columns-is-layout-flex\">\n<div class=\"wp-block-column is-vertically-aligned-center is-layout-flow wp-block-column-is-layout-flow\" style=\"flex-basis:50%\">\n<h2 class=\"wp-block-heading\">Iggy (Iggy \u017dele\u010dsk\u00fd hr\u00e1dek)<\/h2>\n\n\n\n<p>Iggy se narodila v na\u0161\u00ed chovn\u00e9 stanici. Dr\u017e\u00ed na\u0161i rodovou linii, jej\u00ed m\u00e1mou je Eco a babi\u010dkou je Besinka. Iggy je hyperaktivn\u00ed borderka, kterou bav\u00ed \u00fapln\u011b v\u0161e. Je nad\u011bjn\u00e1 obran\u00e1\u0159ka, stopa\u0159ka, s ove\u010dkama se zat\u00edm seznamuje a v sou\u010dasn\u00e9 dob\u011b nev\u00edc miluje vodu.<\/p>\n\n\n\n<div class=\"wp-block-buttons is-layout-flex wp-block-buttons-is-layout-flex\">\n<div class=\"wp-block-button\"><a class=\"wp-block-button__link wp-element-button\" href=\"https:\/\/zelecsky-hradek.cz\/index.php\/nasi-pejsci\/iggy\/\">V\u00edce o Iggy<\/a><\/div>\n<\/div>\n<\/div>\n\n\n\n<div class=\"wp-block-column is-vertically-aligned-center is-layout-flow wp-block-column-is-layout-flow\" style=\"flex-basis:50%\">\n<figure class=\"wp-block-image size-full is-resized is-style-rounded is-style-rounded--4\"><img loading=\"lazy\" decoding=\"async\" width=\"300\" height=\"264\" src=\"https:\/\/zelecsky-hradek.cz\/wp-content\/uploads\/2024\/02\/Iggy-s-diskem-300x264-1.jpg\" alt=\"\" class=\"wp-image-31\" style=\"aspect-ratio:1.3333333333333333;object-fit:cover;width:397px;height:auto\"\/><\/figure>\n<\/div>\n<\/div>\n<\/div>\n\n\n\n<div class=\"wp-block-group alignfull has-accent-5-background-color has-background has-global-padding is-layout-constrained wp-container-core-group-is-layout-d89aad35 wp-block-group-is-layout-constrained\" style=\"margin-top:0;margin-bottom:0;padding-top:var(--wp--preset--spacing--50);padding-right:var(--wp--preset--spacing--50);padding-bottom:var(--wp--preset--spacing--50);padding-left:var(--wp--preset--spacing--50)\">\n<div class=\"wp-block-columns alignwide is-layout-flex wp-container-core-columns-is-layout-1da03c2a wp-block-columns-is-layout-flex\">\n<div class=\"wp-block-column is-layout-flow wp-block-column-is-layout-flow\" style=\"flex-basis:40%\">\n<h2 class=\"wp-block-heading\">Eco (Eco \u017dele\u010dsk\u00fd hr\u00e1dek)<\/h2>\n\n\n\n<p>Eco je fenka z na\u0161eho chovu, narodila se Besince dne 3. 4. 2011. Je velmi hyperaktivn\u00ed fena, kter\u00e1 m\u00e1 r\u00e1da v\u0161echny ps\u00ed sporty. V\u011bnujeme se s n\u00edm kynologii, pasen\u00ed a agilit\u00e1m.<\/p>\n\n\n\n<div class=\"wp-block-buttons is-layout-flex wp-block-buttons-is-layout-flex\">\n<div class=\"wp-block-button\"><a class=\"wp-block-button__link wp-element-button\" href=\"https:\/\/zelecsky-hradek.cz\/index.php\/nasi-pejsci\/eco\/\">V\u00edce o Eco<\/a><\/div>\n<\/div>\n<\/div>\n\n\n\n<div class=\"wp-block-column is-vertically-aligned-center is-layout-flow wp-block-column-is-layout-flow\" style=\"flex-basis:60%\">\n<figure class=\"wp-block-image aligncenter size-full is-resized is-style-rounded wp-duotone-unset-6 is-style-rounded--5\"><img loading=\"lazy\" decoding=\"async\" width=\"300\" height=\"225\" src=\"https:\/\/zelecsky-hradek.cz\/wp-content\/uploads\/2024\/02\/eco_uvodni.jpg\" alt=\"\" class=\"wp-image-32\" style=\"object-fit:cover;width:375px;height:auto\"\/><\/figure>\n<\/div>\n<\/div>\n<\/div>\n\n\n\n<div class=\"wp-block-group alignfull has-global-padding is-layout-constrained wp-container-core-group-is-layout-d89aad35 wp-block-group-is-layout-constrained\" style=\"margin-top:0;margin-bottom:0;padding-top:var(--wp--preset--spacing--50);padding-right:var(--wp--preset--spacing--50);padding-bottom:var(--wp--preset--spacing--50);padding-left:var(--wp--preset--spacing--50)\">\n<div class=\"wp-block-columns alignwide are-vertically-aligned-center is-layout-flex wp-container-core-columns-is-layout-47c06fe3 wp-block-columns-is-layout-flex\">\n<div class=\"wp-block-column is-vertically-aligned-center is-layout-flow wp-block-column-is-layout-flow\" style=\"flex-basis:50%\">\n<h2 class=\"wp-block-heading\">Dafy (Daphne Haliba)<\/h2>\n\n\n\n<p>Dafy se narodila v Hradci Kr\u00e1lov\u00e9 dne 29. 7. 2009 u chovatelky pan\u00ed B\u00e1bov\u00e9. Dafy je velmi energick\u00e1 fena. V\u011bnovali jsme se s n\u00ed hlavn\u011b pasen\u00ed a kynologii. Jej\u00ed prioritou bylo pasen\u00ed a stopov\u00e1n\u00ed.<\/p>\n\n\n\n<p>Dafy zem\u0159ela 6. 5. 2024 ve v\u011bku nedo\u017eit\u00fdch 15 let.<\/p>\n\n\n\n<div class=\"wp-block-buttons is-layout-flex wp-block-buttons-is-layout-flex\">\n<div class=\"wp-block-button\"><a class=\"wp-block-button__link wp-element-button\" href=\"https:\/\/zelecsky-hradek.cz\/index.php\/nasi-pejsci\/dafy\/\">V\u00edce o Dafy<\/a><\/div>\n<\/div>\n<\/div>\n\n\n\n<div class=\"wp-block-column is-vertically-aligned-center is-layout-flow wp-block-column-is-layout-flow\" style=\"flex-basis:50%\">\n<figure class=\"wp-block-image size-full is-resized is-style-rounded wp-duotone-duotone-5 is-style-rounded--7\"><img loading=\"lazy\" decoding=\"async\" width=\"720\" height=\"960\" src=\"https:\/\/zelecsky-hradek.cz\/wp-content\/uploads\/2024\/02\/116213690_1654765188022502_2820160982956620963_n.jpg\" alt=\"\" class=\"wp-image-33\" style=\"aspect-ratio:1.3333333333333333;object-fit:cover;width:381px;height:auto\" srcset=\"https:\/\/zelecsky-hradek.cz\/wp-content\/uploads\/2024\/02\/116213690_1654765188022502_2820160982956620963_n.jpg 720w, https:\/\/zelecsky-hradek.cz\/wp-content\/uploads\/2024\/02\/116213690_1654765188022502_2820160982956620963_n-225x300.jpg 225w\" sizes=\"auto, (max-width: 720px) 100vw, 720px\" \/><\/figure>\n<\/div>\n<\/div>\n<\/div>\n\n\n\n<div class=\"wp-block-group alignfull has-accent-5-background-color has-background has-global-padding is-layout-constrained wp-container-core-group-is-layout-d89aad35 wp-block-group-is-layout-constrained\" style=\"margin-top:0;margin-bottom:0;padding-top:var(--wp--preset--spacing--50);padding-right:var(--wp--preset--spacing--50);padding-bottom:var(--wp--preset--spacing--50);padding-left:var(--wp--preset--spacing--50)\">\n<div class=\"wp-block-columns alignwide is-layout-flex wp-container-core-columns-is-layout-1da03c2a wp-block-columns-is-layout-flex\">\n<div class=\"wp-block-column is-layout-flow wp-block-column-is-layout-flow\" style=\"flex-basis:40%\">\n<h2 class=\"wp-block-heading\">Besi (Alma Otasl\u00e1va) <\/h2>\n\n\n\n<p>V rodokmenu Alma Otasl\u00e1va, ale nikdo ji ne\u0159ekl jinak ne\u017e Besi. Zakladatelka na\u0161eho chovu border coli\u00ed. Narodila se 25. dubna 2004 v Otaslavic\u00edch u chovatele pana \u010cern\u00e9ho. <\/p>\n\n\n\n<p>Zem\u0159ela n\u00e1hle dne 17.10.2017 ve v\u011bku 13,5 let.<br>Byla to velmi aktivn\u00ed a ne\u00fanavn\u00e1 borderka.<\/p>\n\n\n\n<div class=\"wp-block-buttons is-layout-flex wp-block-buttons-is-layout-flex\">\n<div class=\"wp-block-button\"><a class=\"wp-block-button__link wp-element-button\" href=\"https:\/\/zelecsky-hradek.cz\/index.php\/nasi-pejsci\/besi\/\">V\u00edce o Besi<\/a><\/div>\n<\/div>\n<\/div>\n\n\n\n<div class=\"wp-block-column is-vertically-aligned-center is-layout-flow wp-block-column-is-layout-flow\" style=\"flex-basis:60%\">\n<figure class=\"wp-block-image aligncenter size-full is-resized is-style-rounded wp-duotone-duotone-1 is-style-rounded--8\"><img loading=\"lazy\" decoding=\"async\" width=\"300\" height=\"226\" src=\"https:\/\/zelecsky-hradek.cz\/wp-content\/uploads\/2024\/02\/besi_uvodni_cernobila.jpg\" alt=\"\" class=\"wp-image-34\" style=\"aspect-ratio:1.3333333333333333;object-fit:cover;width:371px;height:auto\"\/><\/figure>\n<\/div>\n<\/div>\n<\/div>\n<\/div>\n\n\n\n<div class=\"wp-block-group alignfull has-global-padding is-layout-constrained wp-container-core-group-is-layout-d89aad35 wp-block-group-is-layout-constrained\" style=\"margin-top:0;margin-bottom:0;padding-top:var(--wp--preset--spacing--50);padding-right:var(--wp--preset--spacing--50);padding-bottom:var(--wp--preset--spacing--50);padding-left:var(--wp--preset--spacing--50)\">\n<div class=\"wp-block-columns alignwide are-vertically-aligned-center is-layout-flex wp-container-core-columns-is-layout-47c06fe3 wp-block-columns-is-layout-flex\">\n<div class=\"wp-block-column is-vertically-aligned-center is-layout-flow wp-block-column-is-layout-flow\" style=\"flex-basis:50%\">\n<h2 class=\"wp-block-heading\">N\u011bme\u010dt\u00ed ov\u010d\u00e1ci &#8211; Archiv<\/h2>\n\n\n\n<p>Do roku 2004 jsem se v\u011bnovala v\u00fdcviku n\u011bmeck\u00fdch ov\u010d\u00e1k\u016f. Najdete tu fotky a informace o m\u00fdch za\u010d\u00e1tc\u00edch s v\u00fdcvikem.<br>D\u00e1le tu naleznete informace o psech, kter\u00e9 jsem m\u011bla. Byli to: Erys, Evora, Arys Trsan, Dona Due- fa, Asta \u017dele\u010dsk\u00fd hr\u00e1dek.<\/p>\n\n\n\n<div class=\"wp-block-buttons is-layout-flex wp-block-buttons-is-layout-flex\">\n<div class=\"wp-block-button\"><a class=\"wp-block-button__link wp-element-button\" href=\"https:\/\/zelecsky-hradek.cz\/index.php\/nasi-pejsci\/archiv-nemecti-ovcaci\/\">V\u00edce o historii<\/a><\/div>\n<\/div>\n<\/div>\n\n\n\n<div class=\"wp-block-column is-vertically-aligned-center is-layout-flow wp-block-column-is-layout-flow\" style=\"flex-basis:50%\">\n<figure class=\"wp-block-image size-full is-resized is-style-rounded is-style-rounded--9\"><img loading=\"lazy\" decoding=\"async\" width=\"300\" height=\"234\" src=\"https:\/\/zelecsky-hradek.cz\/wp-content\/uploads\/2024\/02\/archiv_asta-1-300x234-1.jpg\" alt=\"\" class=\"wp-image-36\" style=\"aspect-ratio:1.3333333333333333;object-fit:cover;width:399px;height:auto\"\/><\/figure>\n<\/div>\n<\/div>\n<\/div>\n","protected":false},"excerpt":{"rendered":"<p>Roxy (Roxy \u017dele\u010dsk\u00fd hr\u00e1dek) Na\u0161e nejmlad\u0161\u00ed se jmenuje Roxy. Narodila se v na\u0161\u00ed chovn\u00e9 stanici. Dr\u017e\u00ed na\u0161i rodovou linii, jej\u00ed m\u00e1mou je Iggy a babi\u010dkou Eco. Roxy je velmi v\u0161estrann\u00e1 a vyrovnan\u00e1 fenka. F\u00edb\u00ed (Phoebe \u017dele\u010dsk\u00fd hr\u00e1dek) F\u00edb\u00ed se narodila v na\u0161\u00ed chovn\u00e9 stanici. Dr\u017e\u00ed na\u0161i rodovou linii, jej\u00ed m\u00e1mou je Iggy a babi\u010dkou Eco. [&hellip;]<\/p>\n","protected":false},"author":1,"featured_media":0,"parent":0,"menu_order":3,"comment_status":"closed","ping_status":"closed","template":"","meta":{"ngg_post_thumbnail":0,"footnotes":""},"class_list":["post-25","page","type-page","status-publish","hentry"],"_links":{"self":[{"href":"https:\/\/zelecsky-hradek.cz\/index.php\/wp-json\/wp\/v2\/pages\/25","targetHints":{"allow":["GET"]}}],"collection":[{"href":"https:\/\/zelecsky-hradek.cz\/index.php\/wp-json\/wp\/v2\/pages"}],"about":[{"href":"https:\/\/zelecsky-hradek.cz\/index.php\/wp-json\/wp\/v2\/types\/page"}],"author":[{"embeddable":true,"href":"https:\/\/zelecsky-hradek.cz\/index.php\/wp-json\/wp\/v2\/users\/1"}],"replies":[{"embeddable":true,"href":"https:\/\/zelecsky-hradek.cz\/index.php\/wp-json\/wp\/v2\/comments?post=25"}],"version-history":[{"count":6,"href":"https:\/\/zelecsky-hradek.cz\/index.php\/wp-json\/wp\/v2\/pages\/25\/revisions"}],"predecessor-version":[{"id":1407,"href":"https:\/\/zelecsky-hradek.cz\/index.php\/wp-json\/wp\/v2\/pages\/25\/revisions\/1407"}],"wp:attachment":[{"href":"https:\/\/zelecsky-hradek.cz\/index.php\/wp-json\/wp\/v2\/media?parent=25"}],"curies":[{"name":"wp","href":"https:\/\/api.w.org\/{rel}","templated":true}]}}