{"id":14,"date":"2024-02-29T09:43:01","date_gmt":"2024-02-29T08:43:01","guid":{"rendered":"https:\/\/zelecsky-hradek.cz\/?page_id=14"},"modified":"2024-10-12T10:20:40","modified_gmt":"2024-10-12T08:20:40","slug":"rodokmeny-a-zdravi","status":"publish","type":"page","link":"https:\/\/zelecsky-hradek.cz\/index.php\/o-nas\/rodokmeny-a-zdravi\/","title":{"rendered":"Rodokmeny a zdrav\u00ed"},"content":{"rendered":"\n<div class=\"wp-block-group alignfull has-accent-5-background-color has-background has-global-padding is-layout-constrained wp-container-core-group-is-layout-d89aad35 wp-block-group-is-layout-constrained\" style=\"margin-top:0;margin-bottom:0;padding-top:var(--wp--preset--spacing--50);padding-right:var(--wp--preset--spacing--50);padding-bottom:var(--wp--preset--spacing--50);padding-left:var(--wp--preset--spacing--50)\">\n<div class=\"wp-block-columns alignwide is-layout-flex wp-container-core-columns-is-layout-1da03c2a wp-block-columns-is-layout-flex\">\n<div class=\"wp-block-column is-vertically-aligned-center is-layout-flow wp-block-column-is-layout-flow\" style=\"flex-basis:60%\">\n<figure class=\"wp-block-image size-full is-style-rounded wp-duotone-duotone-1 is-style-rounded--1\"><img loading=\"lazy\" decoding=\"async\" width=\"1024\" height=\"720\" src=\"https:\/\/zelecsky-hradek.cz\/wp-content\/uploads\/2024\/02\/besi_rodokmen-1024x720-1.jpg\" alt=\"\" class=\"wp-image-15\" style=\"aspect-ratio:4\/3;object-fit:cover\" srcset=\"https:\/\/zelecsky-hradek.cz\/wp-content\/uploads\/2024\/02\/besi_rodokmen-1024x720-1.jpg 1024w, https:\/\/zelecsky-hradek.cz\/wp-content\/uploads\/2024\/02\/besi_rodokmen-1024x720-1-300x211.jpg 300w, https:\/\/zelecsky-hradek.cz\/wp-content\/uploads\/2024\/02\/besi_rodokmen-1024x720-1-768x540.jpg 768w\" sizes=\"auto, (max-width: 1024px) 100vw, 1024px\" \/><\/figure>\n<\/div>\n\n\n\n<div class=\"wp-block-column is-layout-flow wp-block-column-is-layout-flow\" style=\"flex-basis:40%\">\n<h2 class=\"wp-block-heading\" id=\"Besi-rodokmen\">Besi (Alma Otasl\u00e1va)<\/h2>\n\n\n\n<p><strong>Zdrav\u00ed:<\/strong><\/p>\n\n\n\n<ul style=\"line-height:1.75\" class=\"wp-block-list is-style-checkmark-list\">\n<li>RTG 2\/1 <\/li>\n\n\n\n<li>CEA negativn\u00ed<\/li>\n<\/ul>\n\n\n\n<p><\/p>\n\n\n\n<div class=\"wp-block-buttons is-layout-flex wp-block-buttons-is-layout-flex\">\n<div class=\"wp-block-button\"><a class=\"wp-block-button__link wp-element-button\" href=\"https:\/\/zelecsky-hradek.cz\/index.php\/nasi-pejsci\/besi\/\">V\u00edce o Besi<\/a><\/div>\n<\/div>\n<\/div>\n<\/div>\n<\/div>\n\n\n\n<div class=\"wp-block-group alignfull has-global-padding is-layout-constrained wp-container-core-group-is-layout-d89aad35 wp-block-group-is-layout-constrained\" style=\"margin-top:0;margin-bottom:0;padding-top:var(--wp--preset--spacing--50);padding-right:var(--wp--preset--spacing--50);padding-bottom:var(--wp--preset--spacing--50);padding-left:var(--wp--preset--spacing--50)\">\n<div class=\"wp-block-columns alignwide are-vertically-aligned-top is-layout-flex wp-container-core-columns-is-layout-47c06fe3 wp-block-columns-is-layout-flex\">\n<div class=\"wp-block-column is-vertically-aligned-top is-layout-flow wp-block-column-is-layout-flow\" style=\"flex-basis:50%\">\n<h2 class=\"wp-block-heading\" id=\"Dafy-rodokmen\">Dafy (Daphne Haliba) <\/h2>\n\n\n\n<p><strong>Zdrav\u00ed:<\/strong><\/p>\n\n\n\n<ul style=\"line-height:1.75\" class=\"wp-block-list is-style-checkmark-list\">\n<li>RTG 0\/0<\/li>\n\n\n\n<li>CEA negativn\u00ed<\/li>\n\n\n\n<li>TNS po rodi\u010d\u00edch normal neofic. OCD free \/neposti\u017eena\/<\/li>\n\n\n\n<li>RTG 2\/1 <\/li>\n\n\n\n<li>CEA negativn\u00ed<\/li>\n<\/ul>\n\n\n\n<div class=\"wp-block-group has-global-padding is-layout-constrained wp-block-group-is-layout-constrained\">\n<div class=\"wp-block-buttons is-layout-flex wp-block-buttons-is-layout-flex\">\n<div class=\"wp-block-button\"><a class=\"wp-block-button__link wp-element-button\" href=\"https:\/\/zelecsky-hradek.cz\/index.php\/nasi-pejsci\/dafy\/\">V\u00edce o Dafy<\/a><\/div>\n<\/div>\n<\/div>\n<\/div>\n\n\n\n<div class=\"wp-block-column is-vertically-aligned-top is-layout-flow wp-block-column-is-layout-flow\" style=\"flex-basis:50%\">\n<figure class=\"wp-block-image size-full is-style-rounded is-style-rounded--2\"><img loading=\"lazy\" decoding=\"async\" width=\"1207\" height=\"832\" src=\"https:\/\/zelecsky-hradek.cz\/wp-content\/uploads\/2024\/02\/dafy_rodokmen.jpg\" alt=\"\" class=\"wp-image-18\" style=\"aspect-ratio:4\/3;object-fit:cover\" srcset=\"https:\/\/zelecsky-hradek.cz\/wp-content\/uploads\/2024\/02\/dafy_rodokmen.jpg 1207w, https:\/\/zelecsky-hradek.cz\/wp-content\/uploads\/2024\/02\/dafy_rodokmen-300x207.jpg 300w, https:\/\/zelecsky-hradek.cz\/wp-content\/uploads\/2024\/02\/dafy_rodokmen-1024x706.jpg 1024w, https:\/\/zelecsky-hradek.cz\/wp-content\/uploads\/2024\/02\/dafy_rodokmen-768x529.jpg 768w\" sizes=\"auto, (max-width: 1207px) 100vw, 1207px\" \/><\/figure>\n<\/div>\n<\/div>\n<\/div>\n\n\n\n<div class=\"wp-block-group alignfull has-accent-5-background-color has-background has-global-padding is-layout-constrained wp-container-core-group-is-layout-d89aad35 wp-block-group-is-layout-constrained\" style=\"margin-top:0;margin-bottom:0;padding-top:var(--wp--preset--spacing--50);padding-right:var(--wp--preset--spacing--50);padding-bottom:var(--wp--preset--spacing--50);padding-left:var(--wp--preset--spacing--50)\">\n<div class=\"wp-block-columns alignwide is-layout-flex wp-container-core-columns-is-layout-1da03c2a wp-block-columns-is-layout-flex\">\n<div class=\"wp-block-column is-vertically-aligned-center is-layout-flow wp-block-column-is-layout-flow\" style=\"flex-basis:60%\">\n<figure class=\"wp-block-image size-full is-resized is-style-rounded wp-duotone-duotone-1 is-style-rounded--3\"><img loading=\"lazy\" decoding=\"async\" width=\"1024\" height=\"716\" src=\"https:\/\/zelecsky-hradek.cz\/wp-content\/uploads\/2024\/02\/eco_rodokmen-1024x716-1.jpg\" alt=\"\" class=\"wp-image-20\" style=\"aspect-ratio:1.3333333333333333;object-fit:cover;width:497px;height:auto\" srcset=\"https:\/\/zelecsky-hradek.cz\/wp-content\/uploads\/2024\/02\/eco_rodokmen-1024x716-1.jpg 1024w, https:\/\/zelecsky-hradek.cz\/wp-content\/uploads\/2024\/02\/eco_rodokmen-1024x716-1-300x210.jpg 300w, https:\/\/zelecsky-hradek.cz\/wp-content\/uploads\/2024\/02\/eco_rodokmen-1024x716-1-768x537.jpg 768w\" sizes=\"auto, (max-width: 1024px) 100vw, 1024px\" \/><\/figure>\n<\/div>\n\n\n\n<div class=\"wp-block-column is-layout-flow wp-block-column-is-layout-flow\" style=\"flex-basis:40%\">\n<h2 class=\"wp-block-heading\" id=\"Eco-rodokmen\">Eco (Eco \u017dele\u010dsk\u00fd hr\u00e1dek) <\/h2>\n\n\n\n<p><strong>Zdrav\u00ed:<\/strong><\/p>\n\n\n\n<ul class=\"wp-block-list is-style-checkmark-list\">\n<li>RTG 0\/0<\/li>\n\n\n\n<li>CEA negativn\u00ed<\/li>\n\n\n\n<li>TNS normal<\/li>\n\n\n\n<li>neofic. OCD free \/neposti\u017eena\/<\/li>\n<\/ul>\n\n\n\n<p><\/p>\n\n\n\n<div class=\"wp-block-buttons is-layout-flex wp-block-buttons-is-layout-flex\">\n<div class=\"wp-block-button\"><a class=\"wp-block-button__link wp-element-button\" href=\"https:\/\/zelecsky-hradek.cz\/index.php\/nasi-pejsci\/eco\/\">V\u00edce o Eco<\/a><\/div>\n<\/div>\n<\/div>\n<\/div>\n<\/div>\n\n\n\n<div class=\"wp-block-group alignfull has-base-background-color has-background has-global-padding is-layout-constrained wp-container-core-group-is-layout-d89aad35 wp-block-group-is-layout-constrained\" style=\"margin-top:0;margin-bottom:0;padding-top:var(--wp--preset--spacing--50);padding-right:var(--wp--preset--spacing--50);padding-bottom:var(--wp--preset--spacing--50);padding-left:var(--wp--preset--spacing--50)\">\n<div class=\"wp-block-columns alignwide is-layout-flex wp-container-core-columns-is-layout-1da03c2a wp-block-columns-is-layout-flex\">\n<div class=\"wp-block-column is-layout-flow wp-block-column-is-layout-flow\" style=\"flex-basis:40%\">\n<h2 class=\"wp-block-heading\" id=\"Iggy-rodokmen\">Iggy (Iggy \u017dele\u010dsk\u00fd hr\u00e1dek)<\/h2>\n\n\n\n<p><strong>Zdrav\u00ed<\/strong>:<\/p>\n\n\n\n<ul style=\"line-height:1.75\" class=\"wp-block-list is-style-checkmark-list\">\n<li>DKK 0\/0<\/li>\n\n\n\n<li>DLK 0\/0<\/li>\n\n\n\n<li>OCD -\/+  <\/li>\n\n\n\n<li>TNS normal<\/li>\n\n\n\n<li>CL normal<\/li>\n\n\n\n<li>CEA negativn\u00ed<\/li>\n\n\n\n<li>Glaukom negativn\u00ed<\/li>\n\n\n\n<li>CEA DNA carrier<\/li>\n<\/ul>\n\n\n\n<div class=\"wp-block-buttons is-layout-flex wp-block-buttons-is-layout-flex\">\n<div class=\"wp-block-button\"><a class=\"wp-block-button__link wp-element-button\" href=\"https:\/\/zelecsky-hradek.cz\/index.php\/nasi-pejsci\/iggy\/\">V\u00edce o Iggy<\/a><\/div>\n<\/div>\n<\/div>\n\n\n\n<div class=\"wp-block-column is-vertically-aligned-center is-layout-flow wp-block-column-is-layout-flow\" style=\"flex-basis:60%\">\n<figure class=\"wp-block-image size-full is-style-rounded wp-duotone-duotone-1 is-style-rounded--4\"><img loading=\"lazy\" decoding=\"async\" width=\"2560\" height=\"1790\" src=\"https:\/\/zelecsky-hradek.cz\/wp-content\/uploads\/2024\/03\/iggy-rodokmen-scaled.jpg\" alt=\"\" class=\"wp-image-1315\" style=\"aspect-ratio:4\/3;object-fit:cover\" srcset=\"https:\/\/zelecsky-hradek.cz\/wp-content\/uploads\/2024\/03\/iggy-rodokmen-scaled.jpg 2560w, https:\/\/zelecsky-hradek.cz\/wp-content\/uploads\/2024\/03\/iggy-rodokmen-300x210.jpg 300w, https:\/\/zelecsky-hradek.cz\/wp-content\/uploads\/2024\/03\/iggy-rodokmen-1024x716.jpg 1024w, https:\/\/zelecsky-hradek.cz\/wp-content\/uploads\/2024\/03\/iggy-rodokmen-768x537.jpg 768w, https:\/\/zelecsky-hradek.cz\/wp-content\/uploads\/2024\/03\/iggy-rodokmen-1536x1074.jpg 1536w, https:\/\/zelecsky-hradek.cz\/wp-content\/uploads\/2024\/03\/iggy-rodokmen-2048x1432.jpg 2048w\" sizes=\"auto, (max-width: 2560px) 100vw, 2560px\" \/><\/figure>\n<\/div>\n<\/div>\n<\/div>\n\n\n\n<div class=\"wp-block-group alignfull has-accent-5-background-color has-background has-global-padding is-layout-constrained wp-container-core-group-is-layout-d89aad35 wp-block-group-is-layout-constrained\" style=\"margin-top:0;margin-bottom:0;padding-top:var(--wp--preset--spacing--50);padding-right:var(--wp--preset--spacing--50);padding-bottom:var(--wp--preset--spacing--50);padding-left:var(--wp--preset--spacing--50)\">\n<div class=\"wp-block-columns alignwide is-layout-flex wp-container-core-columns-is-layout-1da03c2a wp-block-columns-is-layout-flex\">\n<div class=\"wp-block-column is-vertically-aligned-center is-layout-flow wp-block-column-is-layout-flow\" style=\"flex-basis:60%\">\n<figure class=\"wp-block-image size-full is-style-rounded wp-duotone-duotone-1 is-style-rounded--5\"><img loading=\"lazy\" decoding=\"async\" width=\"2560\" height=\"1808\" src=\"https:\/\/zelecsky-hradek.cz\/wp-content\/uploads\/2024\/03\/Phoebe-rodokmen-scaled.jpg\" alt=\"\" class=\"wp-image-1314\" style=\"aspect-ratio:4\/3;object-fit:cover\" srcset=\"https:\/\/zelecsky-hradek.cz\/wp-content\/uploads\/2024\/03\/Phoebe-rodokmen-scaled.jpg 2560w, https:\/\/zelecsky-hradek.cz\/wp-content\/uploads\/2024\/03\/Phoebe-rodokmen-300x212.jpg 300w, https:\/\/zelecsky-hradek.cz\/wp-content\/uploads\/2024\/03\/Phoebe-rodokmen-1024x723.jpg 1024w, https:\/\/zelecsky-hradek.cz\/wp-content\/uploads\/2024\/03\/Phoebe-rodokmen-768x542.jpg 768w, https:\/\/zelecsky-hradek.cz\/wp-content\/uploads\/2024\/03\/Phoebe-rodokmen-1536x1085.jpg 1536w, https:\/\/zelecsky-hradek.cz\/wp-content\/uploads\/2024\/03\/Phoebe-rodokmen-2048x1446.jpg 2048w\" sizes=\"auto, (max-width: 2560px) 100vw, 2560px\" \/><\/figure>\n<\/div>\n\n\n\n<div class=\"wp-block-column is-layout-flow wp-block-column-is-layout-flow\" style=\"flex-basis:40%\">\n<h2 class=\"wp-block-heading\" id=\"F\u00edb\u00ed-rodokmen\">F\u00edb\u00ed (Phoebe \u017dele\u010dsk\u00fd hr\u00e1dek)<\/h2>\n\n\n\n<p><strong>Zdrav\u00ed<\/strong>:<\/p>\n\n\n\n<ul style=\"line-height:1.75\" class=\"wp-block-list is-style-checkmark-list\">\n<li>DKK B, DLK 0\/0,<\/li>\n\n\n\n<li>OCD neposti\u017eena<\/li>\n\n\n\n<li>CEA negativn\u00ed DOV prost\u00fd, <\/li>\n\n\n\n<li>CEA DNA carrier , <\/li>\n\n\n\n<li>TNS normal, <\/li>\n\n\n\n<li>NCL normal <\/li>\n\n\n\n<li>uchovn\u011bna ve Zl\u00edn\u011b 2020<\/li>\n<\/ul>\n\n\n\n<div class=\"wp-block-buttons is-layout-flex wp-block-buttons-is-layout-flex\">\n<div class=\"wp-block-button\"><a class=\"wp-block-button__link wp-element-button\" href=\"https:\/\/zelecsky-hradek.cz\/index.php\/nasi-pejsci\/fibi\/\">V\u00edce o F\u00edb\u00ed<\/a><\/div>\n<\/div>\n<\/div>\n<\/div>\n<\/div>\n\n\n\n<div class=\"wp-block-group alignfull has-base-background-color has-background has-global-padding is-layout-constrained wp-container-core-group-is-layout-d89aad35 wp-block-group-is-layout-constrained\" style=\"margin-top:0;margin-bottom:0;padding-top:var(--wp--preset--spacing--50);padding-right:var(--wp--preset--spacing--50);padding-bottom:var(--wp--preset--spacing--50);padding-left:var(--wp--preset--spacing--50)\">\n<div class=\"wp-block-columns alignwide is-layout-flex wp-container-core-columns-is-layout-1da03c2a wp-block-columns-is-layout-flex\">\n<div class=\"wp-block-column is-layout-flow wp-block-column-is-layout-flow\" style=\"flex-basis:40%\">\n<h2 class=\"wp-block-heading\" id=\"Roxy-rodokmen\">Roxy (Roxy \u017dele\u010dsk\u00fd hr\u00e1dek)<\/h2>\n\n\n\n<p>Zdrav\u00ed:<\/p>\n\n\n\n<ul class=\"wp-block-list is-style-checkmark-list\">\n<li>DKK A<\/li>\n\n\n\n<li>DLK 0\/0<\/li>\n\n\n\n<li>OCD neposti\u017eena TNS normal<\/li>\n\n\n\n<li>NCL normal<\/li>\n\n\n\n<li>CEA DNA normal CEA dov negativn\u00ed Genetick\u00fd profil \u2013 ano IGS normal<\/li>\n\n\n\n<li>RS normal<\/li>\n\n\n\n<li><\/li>\n<\/ul>\n\n\n\n<div class=\"wp-block-buttons is-layout-flex wp-block-buttons-is-layout-flex\">\n<div class=\"wp-block-button\"><a class=\"wp-block-button__link wp-element-button\" href=\"https:\/\/zelecsky-hradek.cz\/index.php\/nasi-pejsci\/roxy\/\">V\u00edce o Roxy<\/a><\/div>\n<\/div>\n<\/div>\n\n\n\n<div class=\"wp-block-column is-vertically-aligned-center is-layout-flow wp-block-column-is-layout-flow\" style=\"flex-basis:60%\">\n<figure class=\"wp-block-image size-full is-style-rounded wp-duotone-duotone-1 is-style-rounded--6\"><img loading=\"lazy\" decoding=\"async\" width=\"2560\" height=\"1815\" src=\"https:\/\/zelecsky-hradek.cz\/wp-content\/uploads\/2024\/03\/roxy-rodokmen-scaled.jpg\" alt=\"\" class=\"wp-image-1316\" style=\"aspect-ratio:4\/3;object-fit:cover\" srcset=\"https:\/\/zelecsky-hradek.cz\/wp-content\/uploads\/2024\/03\/roxy-rodokmen-scaled.jpg 2560w, https:\/\/zelecsky-hradek.cz\/wp-content\/uploads\/2024\/03\/roxy-rodokmen-300x213.jpg 300w, https:\/\/zelecsky-hradek.cz\/wp-content\/uploads\/2024\/03\/roxy-rodokmen-1024x726.jpg 1024w, https:\/\/zelecsky-hradek.cz\/wp-content\/uploads\/2024\/03\/roxy-rodokmen-768x544.jpg 768w, https:\/\/zelecsky-hradek.cz\/wp-content\/uploads\/2024\/03\/roxy-rodokmen-1536x1089.jpg 1536w, https:\/\/zelecsky-hradek.cz\/wp-content\/uploads\/2024\/03\/roxy-rodokmen-2048x1452.jpg 2048w\" sizes=\"auto, (max-width: 2560px) 100vw, 2560px\" \/><\/figure>\n<\/div>\n<\/div>\n<\/div>\n","protected":false},"excerpt":{"rendered":"<p>Besi (Alma Otasl\u00e1va) Zdrav\u00ed: Dafy (Daphne Haliba) Zdrav\u00ed: Eco (Eco \u017dele\u010dsk\u00fd hr\u00e1dek) Zdrav\u00ed: Iggy (Iggy \u017dele\u010dsk\u00fd hr\u00e1dek) Zdrav\u00ed: F\u00edb\u00ed (Phoebe \u017dele\u010dsk\u00fd hr\u00e1dek) Zdrav\u00ed: Roxy (Roxy \u017dele\u010dsk\u00fd hr\u00e1dek) Zdrav\u00ed:<\/p>\n","protected":false},"author":1,"featured_media":0,"parent":9,"menu_order":0,"comment_status":"closed","ping_status":"closed","template":"","meta":{"ngg_post_thumbnail":0,"footnotes":""},"class_list":["post-14","page","type-page","status-publish","hentry"],"_links":{"self":[{"href":"https:\/\/zelecsky-hradek.cz\/index.php\/wp-json\/wp\/v2\/pages\/14","targetHints":{"allow":["GET"]}}],"collection":[{"href":"https:\/\/zelecsky-hradek.cz\/index.php\/wp-json\/wp\/v2\/pages"}],"about":[{"href":"https:\/\/zelecsky-hradek.cz\/index.php\/wp-json\/wp\/v2\/types\/page"}],"author":[{"embeddable":true,"href":"https:\/\/zelecsky-hradek.cz\/index.php\/wp-json\/wp\/v2\/users\/1"}],"replies":[{"embeddable":true,"href":"https:\/\/zelecsky-hradek.cz\/index.php\/wp-json\/wp\/v2\/comments?post=14"}],"version-history":[{"count":8,"href":"https:\/\/zelecsky-hradek.cz\/index.php\/wp-json\/wp\/v2\/pages\/14\/revisions"}],"predecessor-version":[{"id":1421,"href":"https:\/\/zelecsky-hradek.cz\/index.php\/wp-json\/wp\/v2\/pages\/14\/revisions\/1421"}],"up":[{"embeddable":true,"href":"https:\/\/zelecsky-hradek.cz\/index.php\/wp-json\/wp\/v2\/pages\/9"}],"wp:attachment":[{"href":"https:\/\/zelecsky-hradek.cz\/index.php\/wp-json\/wp\/v2\/media?parent=14"}],"curies":[{"name":"wp","href":"https:\/\/api.w.org\/{rel}","templated":true}]}}