{"id":138,"date":"2024-03-03T21:03:44","date_gmt":"2024-03-03T20:03:44","guid":{"rendered":"https:\/\/zelecsky-hradek.cz\/?page_id=138"},"modified":"2024-03-21T10:06:13","modified_gmt":"2024-03-21T09:06:13","slug":"roxy","status":"publish","type":"page","link":"https:\/\/zelecsky-hradek.cz\/index.php\/nasi-pejsci\/roxy\/","title":{"rendered":"Roxy"},"content":{"rendered":"\n<p class=\"has-text-align-center\">Roxy \u017dele\u010dsk\u00fd hr\u00e1dek se narodila 20.8.2019 v na\u0161\u00ed chovn\u00e9 stanici.<\/p>\n\n\n\n<div class=\"wp-block-group has-global-padding is-layout-constrained wp-block-group-is-layout-constrained\">\n<div class=\"wp-block-columns is-layout-flex wp-container-core-columns-is-layout-28f84493 wp-block-columns-is-layout-flex\">\n<div class=\"wp-block-column is-layout-flow wp-block-column-is-layout-flow\" style=\"flex-basis:100%\">\n<figure class=\"wp-block-image aligncenter size-full is-resized\"><img loading=\"lazy\" decoding=\"async\" width=\"300\" height=\"300\" src=\"https:\/\/zelecsky-hradek.cz\/wp-content\/uploads\/2024\/03\/72337014_397006304315206_8653671395571531776_n-300x300-1.jpg\" alt=\"\" class=\"wp-image-140\" style=\"width:371px;height:auto\" srcset=\"https:\/\/zelecsky-hradek.cz\/wp-content\/uploads\/2024\/03\/72337014_397006304315206_8653671395571531776_n-300x300-1.jpg 300w, https:\/\/zelecsky-hradek.cz\/wp-content\/uploads\/2024\/03\/72337014_397006304315206_8653671395571531776_n-300x300-1-150x150.jpg 150w\" sizes=\"auto, (max-width: 300px) 100vw, 300px\" \/><\/figure>\n<\/div>\n<\/div>\n<\/div>\n\n\n\n<p class=\"has-text-align-center\">Tady ta mal\u00e1 li\u0161ti\u010dka je posledn\u00edm \u0161t\u011b\u0148\u00e1tkem, kter\u00e9 jsme vzali do na\u0161\u00ed party. Jej\u00ed m\u00e1mou je na\u0161e Iggy \u017dele\u010dsk\u00fd hr\u00e1dek a t\u00e1tou Luna Tale Meet Moss.<\/p>\n\n\n\n<p><\/p>\n\n\n\n<div class=\"wp-block-group alignfull has-background has-global-padding is-layout-constrained wp-container-core-group-is-layout-d89aad35 wp-block-group-is-layout-constrained\" style=\"background-color:#bd5c37b3;margin-top:0;margin-bottom:0;padding-top:var(--wp--preset--spacing--50);padding-right:var(--wp--preset--spacing--50);padding-bottom:var(--wp--preset--spacing--50);padding-left:var(--wp--preset--spacing--50)\">\n<div class=\"wp-block-columns alignwide are-vertically-aligned-center is-layout-flex wp-container-core-columns-is-layout-47c06fe3 wp-block-columns-is-layout-flex\">\n<div class=\"wp-block-column is-vertically-aligned-center is-layout-flow wp-block-column-is-layout-flow\" style=\"flex-basis:50%\">\n<h2 class=\"wp-block-heading\">Kynologie<\/h2>\n\n\n\n<p>Z Roxy vyrostla vyrovnan\u00e1 fenka. Je velmi v\u0161estran\u00e1. V\u011bnujeme se s n\u00ed sportovn\u00ed kynologii, bav\u00ed ji stopy, poslu\u0161nost i obrana. <\/p>\n\n\n\n<p>Roxy je milovn\u00edk vody, v l\u00e9t\u011b v\u00fdlety u kola nejl\u00e9pe k rybn\u00edku se osv\u011b\u017eit a zase zp\u00e1tky dom\u016f za sme\u010dkou. Snad jako ka\u017ed\u00e1 borderka r\u00e1da chyt\u00e1 frisbee nebo puller. Je ak\u010dn\u00ed a sebev\u011bdom\u00e1.<\/p>\n<\/div>\n\n\n\n<div class=\"wp-block-column is-vertically-aligned-center is-layout-flow wp-block-column-is-layout-flow\" style=\"flex-basis:50%\">\n<figure class=\"wp-block-image size-full is-style-rounded is-style-rounded--1\"><img loading=\"lazy\" decoding=\"async\" width=\"486\" height=\"335\" src=\"https:\/\/zelecsky-hradek.cz\/wp-content\/uploads\/2024\/03\/3b3fbad9-360d-434c-9076-7d0a5fe0aca2-1.jpg\" alt=\"\" class=\"wp-image-142\" style=\"aspect-ratio:4\/3;object-fit:cover\" srcset=\"https:\/\/zelecsky-hradek.cz\/wp-content\/uploads\/2024\/03\/3b3fbad9-360d-434c-9076-7d0a5fe0aca2-1.jpg 486w, https:\/\/zelecsky-hradek.cz\/wp-content\/uploads\/2024\/03\/3b3fbad9-360d-434c-9076-7d0a5fe0aca2-1-300x207.jpg 300w\" sizes=\"auto, (max-width: 486px) 100vw, 486px\" \/><\/figure>\n<\/div>\n<\/div>\n<\/div>\n\n\n\n<div class=\"wp-block-group alignfull has-global-padding is-layout-constrained wp-container-core-group-is-layout-d89aad35 wp-block-group-is-layout-constrained\" style=\"margin-top:0;margin-bottom:0;padding-top:var(--wp--preset--spacing--50);padding-right:var(--wp--preset--spacing--50);padding-bottom:var(--wp--preset--spacing--50);padding-left:var(--wp--preset--spacing--50)\">\n<div class=\"wp-block-columns alignwide is-layout-flex wp-container-core-columns-is-layout-47c06fe3 wp-block-columns-is-layout-flex\">\n<div class=\"wp-block-column is-vertically-aligned-center is-layout-flow wp-block-column-is-layout-flow\" style=\"flex-basis:50%\">\n<figure class=\"wp-block-image size-full is-style-rounded is-style-rounded--2\"><img loading=\"lazy\" decoding=\"async\" width=\"640\" height=\"528\" src=\"https:\/\/zelecsky-hradek.cz\/wp-content\/uploads\/2024\/03\/feb668ca-d3fc-40de-9764-b59dc8b13677.jpg\" alt=\"\" class=\"wp-image-146\" style=\"aspect-ratio:4\/3;object-fit:cover\" srcset=\"https:\/\/zelecsky-hradek.cz\/wp-content\/uploads\/2024\/03\/feb668ca-d3fc-40de-9764-b59dc8b13677.jpg 640w, https:\/\/zelecsky-hradek.cz\/wp-content\/uploads\/2024\/03\/feb668ca-d3fc-40de-9764-b59dc8b13677-300x248.jpg 300w\" sizes=\"auto, (max-width: 640px) 100vw, 640px\" \/><\/figure>\n<\/div>\n\n\n\n<div class=\"wp-block-column is-vertically-aligned-top is-layout-flow wp-block-column-is-layout-flow\" style=\"flex-basis:50%\">\n<h2 class=\"wp-block-heading\">Pasen\u00ed<\/h2>\n\n\n\n<p>V\u011bnujeme se s n\u00ed i pasen\u00ed, m\u00e1 v\u00fdborn\u00e9 vlohy pro pasen\u00ed po t\u00e1tovi Mossovi. <\/p>\n<\/div>\n<\/div>\n<\/div>\n\n\n\n<div class=\"wp-block-group alignfull has-background has-global-padding is-layout-constrained wp-container-core-group-is-layout-d89aad35 wp-block-group-is-layout-constrained\" style=\"background-color:#bd5c37b3;margin-top:0;margin-bottom:0;padding-top:var(--wp--preset--spacing--50);padding-right:var(--wp--preset--spacing--50);padding-bottom:var(--wp--preset--spacing--50);padding-left:var(--wp--preset--spacing--50)\">\n<div class=\"wp-block-columns alignwide is-layout-flex wp-container-core-columns-is-layout-47c06fe3 wp-block-columns-is-layout-flex\">\n<div class=\"wp-block-column is-vertically-aligned-top is-layout-flow wp-block-column-is-layout-flow\" style=\"flex-basis:50%\">\n<h2 class=\"wp-block-heading\">Zkou\u0161ky a \u0161t\u011b\u0148ata<\/h2>\n\n\n\n<p><strong>Otec<\/strong>: Luna Tale Meet Moss <br><strong>Matka<\/strong>: Iggy \u017dele\u010dsk\u00fd hr\u00e1dek<\/p>\n\n\n\n<p><strong>Zkou<\/strong><strong>\u0161<\/strong><strong>ky<\/strong>: <\/p>\n\n\n\n<ul class=\"is-style-checkmark-list wp-block-list\">\n<li>NHAT<\/li>\n\n\n\n<li>BH \u2013 VT<\/li>\n\n\n\n<li>FPr 1<\/li>\n<\/ul>\n\n\n\n<div class=\"wp-block-buttons is-layout-flex wp-block-buttons-is-layout-flex\">\n<div class=\"wp-block-button\"><a class=\"wp-block-button__link wp-element-button\" href=\"https:\/\/zelecsky-hradek.cz\/index.php\/o-nas\/rodokmeny-a-zdravi\/#Roxy-rodokmen\">Rodokmen a zdrav\u00ed<\/a><\/div>\n<\/div>\n<\/div>\n\n\n\n<div class=\"wp-block-column is-vertically-aligned-center is-layout-flow wp-block-column-is-layout-flow\" style=\"flex-basis:50%\">\n<figure class=\"wp-block-image size-full is-resized is-style-rounded is-style-rounded--3\"><img loading=\"lazy\" decoding=\"async\" width=\"504\" height=\"642\" src=\"https:\/\/zelecsky-hradek.cz\/wp-content\/uploads\/2024\/03\/9a54e524-044b-40a4-8551-7cc9d0ad48f3.jpg\" alt=\"\" class=\"wp-image-143\" style=\"aspect-ratio:0.5625;object-fit:cover;width:271px;height:auto\" srcset=\"https:\/\/zelecsky-hradek.cz\/wp-content\/uploads\/2024\/03\/9a54e524-044b-40a4-8551-7cc9d0ad48f3.jpg 504w, https:\/\/zelecsky-hradek.cz\/wp-content\/uploads\/2024\/03\/9a54e524-044b-40a4-8551-7cc9d0ad48f3-236x300.jpg 236w\" sizes=\"auto, (max-width: 504px) 100vw, 504px\" \/><\/figure>\n<\/div>\n<\/div>\n<\/div>\n\n\n\n<figure class=\"wp-block-gallery has-nested-images columns-default is-cropped wp-block-gallery-7 is-layout-flex wp-block-gallery-is-layout-flex\">\n<figure class=\"wp-block-image size-medium is-style-rounded is-style-rounded--4\"><a href=\"https:\/\/zelecsky-hradek.cz\/index.php\/roxy\/2f15bb94-ecf4-466f-9918-9917625b12c5\/\"><img loading=\"lazy\" decoding=\"async\" width=\"300\" height=\"219\" data-id=\"147\" src=\"https:\/\/zelecsky-hradek.cz\/wp-content\/uploads\/2024\/03\/2f15bb94-ecf4-466f-9918-9917625b12c5-300x219.jpg\" alt=\"\" class=\"wp-image-147\" srcset=\"https:\/\/zelecsky-hradek.cz\/wp-content\/uploads\/2024\/03\/2f15bb94-ecf4-466f-9918-9917625b12c5-300x219.jpg 300w, https:\/\/zelecsky-hradek.cz\/wp-content\/uploads\/2024\/03\/2f15bb94-ecf4-466f-9918-9917625b12c5.jpg 640w\" sizes=\"auto, (max-width: 300px) 100vw, 300px\" \/><\/a><\/figure>\n\n\n\n<figure class=\"wp-block-image size-medium is-style-rounded is-style-rounded--5\"><a href=\"https:\/\/zelecsky-hradek.cz\/index.php\/roxy\/b4f80e1c-0293-4f5a-9bb9-f79f4b33de06\/\"><img loading=\"lazy\" decoding=\"async\" width=\"300\" height=\"274\" data-id=\"148\" src=\"https:\/\/zelecsky-hradek.cz\/wp-content\/uploads\/2024\/03\/b4f80e1c-0293-4f5a-9bb9-f79f4b33de06-300x274.jpg\" alt=\"\" class=\"wp-image-148\" srcset=\"https:\/\/zelecsky-hradek.cz\/wp-content\/uploads\/2024\/03\/b4f80e1c-0293-4f5a-9bb9-f79f4b33de06-300x274.jpg 300w, https:\/\/zelecsky-hradek.cz\/wp-content\/uploads\/2024\/03\/b4f80e1c-0293-4f5a-9bb9-f79f4b33de06.jpg 640w\" sizes=\"auto, (max-width: 300px) 100vw, 300px\" \/><\/a><\/figure>\n\n\n\n<figure class=\"wp-block-image size-medium is-style-rounded is-style-rounded--6\"><a href=\"https:\/\/zelecsky-hradek.cz\/index.php\/roxy\/feb668ca-d3fc-40de-9764-b59dc8b13677\/\"><img loading=\"lazy\" decoding=\"async\" width=\"300\" height=\"248\" data-id=\"146\" src=\"https:\/\/zelecsky-hradek.cz\/wp-content\/uploads\/2024\/03\/feb668ca-d3fc-40de-9764-b59dc8b13677-300x248.jpg\" alt=\"\" class=\"wp-image-146\" srcset=\"https:\/\/zelecsky-hradek.cz\/wp-content\/uploads\/2024\/03\/feb668ca-d3fc-40de-9764-b59dc8b13677-300x248.jpg 300w, https:\/\/zelecsky-hradek.cz\/wp-content\/uploads\/2024\/03\/feb668ca-d3fc-40de-9764-b59dc8b13677.jpg 640w\" sizes=\"auto, (max-width: 300px) 100vw, 300px\" \/><\/a><\/figure>\n<\/figure>\n","protected":false},"excerpt":{"rendered":"<p>Roxy \u017dele\u010dsk\u00fd hr\u00e1dek se narodila 20.8.2019 v na\u0161\u00ed chovn\u00e9 stanici. Tady ta mal\u00e1 li\u0161ti\u010dka je posledn\u00edm \u0161t\u011b\u0148\u00e1tkem, kter\u00e9 jsme vzali do na\u0161\u00ed party. Jej\u00ed m\u00e1mou je na\u0161e Iggy \u017dele\u010dsk\u00fd hr\u00e1dek a t\u00e1tou Luna Tale Meet Moss. Kynologie Z Roxy vyrostla vyrovnan\u00e1 fenka. Je velmi v\u0161estran\u00e1. V\u011bnujeme se s n\u00ed sportovn\u00ed kynologii, bav\u00ed ji stopy, poslu\u0161nost [&hellip;]<\/p>\n","protected":false},"author":1,"featured_media":0,"parent":25,"menu_order":1,"comment_status":"closed","ping_status":"closed","template":"","meta":{"ngg_post_thumbnail":0,"footnotes":""},"class_list":["post-138","page","type-page","status-publish","hentry"],"_links":{"self":[{"href":"https:\/\/zelecsky-hradek.cz\/index.php\/wp-json\/wp\/v2\/pages\/138","targetHints":{"allow":["GET"]}}],"collection":[{"href":"https:\/\/zelecsky-hradek.cz\/index.php\/wp-json\/wp\/v2\/pages"}],"about":[{"href":"https:\/\/zelecsky-hradek.cz\/index.php\/wp-json\/wp\/v2\/types\/page"}],"author":[{"embeddable":true,"href":"https:\/\/zelecsky-hradek.cz\/index.php\/wp-json\/wp\/v2\/users\/1"}],"replies":[{"embeddable":true,"href":"https:\/\/zelecsky-hradek.cz\/index.php\/wp-json\/wp\/v2\/comments?post=138"}],"version-history":[{"count":5,"href":"https:\/\/zelecsky-hradek.cz\/index.php\/wp-json\/wp\/v2\/pages\/138\/revisions"}],"predecessor-version":[{"id":1318,"href":"https:\/\/zelecsky-hradek.cz\/index.php\/wp-json\/wp\/v2\/pages\/138\/revisions\/1318"}],"up":[{"embeddable":true,"href":"https:\/\/zelecsky-hradek.cz\/index.php\/wp-json\/wp\/v2\/pages\/25"}],"wp:attachment":[{"href":"https:\/\/zelecsky-hradek.cz\/index.php\/wp-json\/wp\/v2\/media?parent=138"}],"curies":[{"name":"wp","href":"https:\/\/api.w.org\/{rel}","templated":true}]}}