{"id":114,"date":"2024-03-03T11:19:13","date_gmt":"2024-03-03T10:19:13","guid":{"rendered":"https:\/\/zelecsky-hradek.cz\/?page_id=114"},"modified":"2024-04-09T20:29:30","modified_gmt":"2024-04-09T18:29:30","slug":"fibi","status":"publish","type":"page","link":"https:\/\/zelecsky-hradek.cz\/index.php\/nasi-pejsci\/fibi\/","title":{"rendered":"F\u00edb\u00ed"},"content":{"rendered":"\n<p class=\"has-text-align-center\">F\u00edb\u00ed (Phoebe \u017dele\u010dsk\u00fd hr\u00e1dek) se narodila 21. \u010dervna 2018 v na\u0161\u00ed chovn\u00e9 stanici. Jej\u00ed m\u00e1mou je Iggy \u017dele\u010dsk\u00fd hr\u00e1dek a t\u00e1tou Trust your heart Conalls Joy.<\/p>\n\n\n\n<figure class=\"wp-block-image size-full is-resized is-style-rounded is-style-rounded--1\"><img loading=\"lazy\" decoding=\"async\" width=\"768\" height=\"591\" src=\"https:\/\/zelecsky-hradek.cz\/wp-content\/uploads\/2024\/03\/Phoebe_stene_1-768x591-1.jpg\" alt=\"\" class=\"wp-image-115\" style=\"width:620px;height:auto\" srcset=\"https:\/\/zelecsky-hradek.cz\/wp-content\/uploads\/2024\/03\/Phoebe_stene_1-768x591-1.jpg 768w, https:\/\/zelecsky-hradek.cz\/wp-content\/uploads\/2024\/03\/Phoebe_stene_1-768x591-1-300x231.jpg 300w\" sizes=\"auto, (max-width: 768px) 100vw, 768px\" \/><\/figure>\n\n\n\n<div class=\"wp-block-group alignfull has-background has-global-padding is-layout-constrained wp-container-core-group-is-layout-d89aad35 wp-block-group-is-layout-constrained\" style=\"background-color:#f5f5a9a6;margin-top:0;margin-bottom:0;padding-top:var(--wp--preset--spacing--50);padding-right:var(--wp--preset--spacing--50);padding-bottom:var(--wp--preset--spacing--50);padding-left:var(--wp--preset--spacing--50)\">\n<div class=\"wp-block-columns alignwide is-layout-flex wp-container-core-columns-is-layout-47c06fe3 wp-block-columns-is-layout-flex\">\n<div class=\"wp-block-column is-vertically-aligned-top is-layout-flow wp-block-column-is-layout-flow\" style=\"flex-basis:50%\">\n<h2 class=\"wp-block-heading\">Ml\u00e1d\u00ed<\/h2>\n\n\n\n<p>Hned jak se narodila, tak n\u00e1m padla do oka. A to jsem je\u0161t\u011b ani nev\u011bd\u011bli, \u017ee jedno oko bude m\u00edt modr\u00e9. Tak\u017ee jsme si ji nechali a \u010dekali, co z n\u00ed vyroste. \u0158eknu V\u00e1m, p\u011bkn\u00fd ro\u0161\u0165\u00e1k&#8230; \u017ee borderka neposed\u00ed, ani nepostoj\u00ed&#8230; to v\u00edme. Ale tahle borderka, p\u011bkn\u00fd kv\u00edtko, to V\u00e1m pov\u00edm. <\/p>\n<\/div>\n\n\n\n<div class=\"wp-block-column is-vertically-aligned-center is-layout-flow wp-block-column-is-layout-flow\" style=\"flex-basis:50%\">\n<figure class=\"wp-block-image size-full is-resized is-style-rounded is-style-rounded--2\"><img loading=\"lazy\" decoding=\"async\" width=\"750\" height=\"1000\" src=\"https:\/\/zelecsky-hradek.cz\/wp-content\/uploads\/2024\/03\/IMG_5263.jpg\" alt=\"\" class=\"wp-image-116\" style=\"aspect-ratio:1.3333333333333333;object-fit:cover;width:396px;height:auto\" srcset=\"https:\/\/zelecsky-hradek.cz\/wp-content\/uploads\/2024\/03\/IMG_5263.jpg 750w, https:\/\/zelecsky-hradek.cz\/wp-content\/uploads\/2024\/03\/IMG_5263-225x300.jpg 225w\" sizes=\"auto, (max-width: 750px) 100vw, 750px\" \/><\/figure>\n<\/div>\n<\/div>\n<\/div>\n\n\n\n<div class=\"wp-block-group alignfull has-global-padding is-layout-constrained wp-container-core-group-is-layout-d89aad35 wp-block-group-is-layout-constrained\" style=\"margin-top:0;margin-bottom:0;padding-top:var(--wp--preset--spacing--50);padding-right:var(--wp--preset--spacing--50);padding-bottom:var(--wp--preset--spacing--50);padding-left:var(--wp--preset--spacing--50)\">\n<div class=\"wp-block-columns alignwide is-layout-flex wp-container-core-columns-is-layout-47c06fe3 wp-block-columns-is-layout-flex\">\n<div class=\"wp-block-column is-vertically-aligned-center is-layout-flow wp-block-column-is-layout-flow\" style=\"flex-basis:50%\">\n<figure class=\"wp-block-image size-full is-style-rounded is-style-rounded--3\"><img loading=\"lazy\" decoding=\"async\" width=\"768\" height=\"576\" src=\"https:\/\/zelecsky-hradek.cz\/wp-content\/uploads\/2024\/03\/FullSizeRender-20-768x576-1.jpg\" alt=\"\" class=\"wp-image-117\" style=\"aspect-ratio:4\/3;object-fit:cover\" srcset=\"https:\/\/zelecsky-hradek.cz\/wp-content\/uploads\/2024\/03\/FullSizeRender-20-768x576-1.jpg 768w, https:\/\/zelecsky-hradek.cz\/wp-content\/uploads\/2024\/03\/FullSizeRender-20-768x576-1-300x225.jpg 300w\" sizes=\"auto, (max-width: 768px) 100vw, 768px\" \/><\/figure>\n<\/div>\n\n\n\n<div class=\"wp-block-column is-vertically-aligned-top is-layout-flow wp-block-column-is-layout-flow\" style=\"flex-basis:50%\">\n<h2 class=\"wp-block-heading\">Za\u010d\u00e1tky pasen\u00ed<\/h2>\n\n\n\n<p>Na\u0161t\u011bst\u00ed rok se s rokem se\u0161el a z F\u00edb\u00ed vyrostla velmi p\u011bkn\u00e1 energick\u00e1 a dominantn\u00ed fenka. Chv\u00edli to vypadalo, \u017ee n\u00e1m snad i p\u0159eroste p\u0159es hlavu Ale v\u0161e dob\u0159e dopadlo a dosp\u011bla v kr\u00e1snou a vyrovnanou fenku. M\u00e1 velk\u00e9 vlohy pro pasen\u00ed. Av\u0161ak d\u00edky mamce nezapom\u00edn\u00e1 ani na kynologii.<\/p>\n<\/div>\n<\/div>\n<\/div>\n\n\n\n<div class=\"wp-block-group alignfull has-background has-global-padding is-layout-constrained wp-container-core-group-is-layout-d89aad35 wp-block-group-is-layout-constrained\" style=\"background-color:#f5f5a9a6;margin-top:0;margin-bottom:0;padding-top:var(--wp--preset--spacing--50);padding-right:var(--wp--preset--spacing--50);padding-bottom:var(--wp--preset--spacing--50);padding-left:var(--wp--preset--spacing--50)\">\n<div class=\"wp-block-columns alignwide is-layout-flex wp-container-core-columns-is-layout-47c06fe3 wp-block-columns-is-layout-flex\">\n<div class=\"wp-block-column is-vertically-aligned-top is-layout-flow wp-block-column-is-layout-flow\" style=\"flex-basis:50%\">\n<h2 class=\"wp-block-heading\">Pasen\u00ed<\/h2>\n\n\n\n<p>Ve 13. m\u011bs\u00edc\u00edch ud\u011blala svoji prvn\u00ed zkou\u0161ku hned na v\u00fdbornou. Bylo to 10.8.2019, zkou\u0161ka NHAT v Budi\u0161ov\u011b nad Budi\u0161ovkou. F\u00edb\u00ed m\u00e1 dal\u0161\u00ed zkou\u0161ku z pasen\u00ed HWT CS.<\/p>\n<\/div>\n\n\n\n<div class=\"wp-block-column is-vertically-aligned-center is-layout-flow wp-block-column-is-layout-flow\" style=\"flex-basis:50%\">\n<figure class=\"wp-block-image size-full is-style-rounded is-style-rounded--4\"><img loading=\"lazy\" decoding=\"async\" width=\"768\" height=\"780\" src=\"https:\/\/zelecsky-hradek.cz\/wp-content\/uploads\/2024\/03\/IMG_4816-768x780-1.jpg\" alt=\"\" class=\"wp-image-118\" style=\"aspect-ratio:4\/3;object-fit:cover\" srcset=\"https:\/\/zelecsky-hradek.cz\/wp-content\/uploads\/2024\/03\/IMG_4816-768x780-1.jpg 768w, https:\/\/zelecsky-hradek.cz\/wp-content\/uploads\/2024\/03\/IMG_4816-768x780-1-295x300.jpg 295w\" sizes=\"auto, (max-width: 768px) 100vw, 768px\" \/><\/figure>\n<\/div>\n<\/div>\n<\/div>\n\n\n\n<div class=\"wp-block-group alignfull has-global-padding is-layout-constrained wp-container-core-group-is-layout-d89aad35 wp-block-group-is-layout-constrained\" style=\"margin-top:0;margin-bottom:0;padding-top:var(--wp--preset--spacing--50);padding-right:var(--wp--preset--spacing--50);padding-bottom:var(--wp--preset--spacing--50);padding-left:var(--wp--preset--spacing--50)\">\n<div class=\"wp-block-columns alignwide is-layout-flex wp-container-core-columns-is-layout-47c06fe3 wp-block-columns-is-layout-flex\">\n<div class=\"wp-block-column is-vertically-aligned-center is-layout-flow wp-block-column-is-layout-flow\" style=\"flex-basis:50%\">\n<figure class=\"wp-block-image size-full is-style-rounded is-style-rounded--5\"><img loading=\"lazy\" decoding=\"async\" width=\"768\" height=\"768\" src=\"https:\/\/zelecsky-hradek.cz\/wp-content\/uploads\/2024\/03\/IMG_8585-768x768-1.jpg\" alt=\"\" class=\"wp-image-122\" style=\"aspect-ratio:4\/3;object-fit:cover\" srcset=\"https:\/\/zelecsky-hradek.cz\/wp-content\/uploads\/2024\/03\/IMG_8585-768x768-1.jpg 768w, https:\/\/zelecsky-hradek.cz\/wp-content\/uploads\/2024\/03\/IMG_8585-768x768-1-300x300.jpg 300w, https:\/\/zelecsky-hradek.cz\/wp-content\/uploads\/2024\/03\/IMG_8585-768x768-1-150x150.jpg 150w\" sizes=\"auto, (max-width: 768px) 100vw, 768px\" \/><\/figure>\n<\/div>\n\n\n\n<div class=\"wp-block-column is-vertically-aligned-top is-layout-flow wp-block-column-is-layout-flow\" style=\"flex-basis:50%\">\n<h2 class=\"wp-block-heading\">Odchovy<\/h2>\n\n\n\n<p>Stejn\u011b jako ka\u017ed\u00e1 borderka neposed\u00ed ani v zim\u011b ani v l\u00e9t\u011b.<\/p>\n\n\n\n<p>F\u00edb\u00ed m\u011bla u\u017e 2 vrhy. <\/p>\n\n\n\n<div class=\"wp-block-buttons is-layout-flex wp-block-buttons-is-layout-flex\">\n<div class=\"wp-block-button\"><a class=\"wp-block-button__link wp-element-button\" href=\"https:\/\/zelecsky-hradek.cz\/index.php\/odchovy\/fibi-odchovy\/\">F\u00edb\u00ed odchovy<\/a><\/div>\n<\/div>\n<\/div>\n<\/div>\n<\/div>\n\n\n\n<div class=\"wp-block-group alignfull has-background has-global-padding is-layout-constrained wp-container-core-group-is-layout-d89aad35 wp-block-group-is-layout-constrained\" style=\"background-color:#f5f5a9a6;margin-top:0;margin-bottom:0;padding-top:var(--wp--preset--spacing--50);padding-right:var(--wp--preset--spacing--50);padding-bottom:var(--wp--preset--spacing--50);padding-left:var(--wp--preset--spacing--50)\">\n<div class=\"wp-block-columns alignwide are-vertically-aligned-center is-layout-flex wp-container-core-columns-is-layout-47c06fe3 wp-block-columns-is-layout-flex\">\n<div class=\"wp-block-column is-vertically-aligned-center is-layout-flow wp-block-column-is-layout-flow\" style=\"flex-basis:50%\">\n<h2 class=\"wp-block-heading\">Zkou\u0161ky<\/h2>\n\n\n\n<p><strong>Otec<\/strong>: Trust your heart Conalls Joy<br><strong>Matka<\/strong>: Iggy \u017dele\u010dsk\u00fd hr\u00e1dek <br><\/p>\n\n\n\n<p><strong>F\u00edb\u00ed zkou\u0161ky:<\/strong><\/p>\n\n\n\n<ul style=\"line-height:1.75\" class=\"is-style-checkmark-list wp-block-list\">\n<li>NHAT, <\/li>\n\n\n\n<li>HWT CS, <\/li>\n\n\n\n<li>BH-VT, <\/li>\n\n\n\n<li>FPr 1<\/li>\n<\/ul>\n\n\n\n<div class=\"wp-block-buttons is-layout-flex wp-block-buttons-is-layout-flex\">\n<div class=\"wp-block-button\"><a class=\"wp-block-button__link wp-element-button\" href=\"https:\/\/zelecsky-hradek.cz\/index.php\/o-nas\/rodokmeny-a-zdravi\/#F\u00edb\u00ed-rodokmen\">Rodokmen<\/a><\/div>\n<\/div>\n<\/div>\n\n\n\n<div class=\"wp-block-column is-vertically-aligned-center is-layout-flow wp-block-column-is-layout-flow\" style=\"flex-basis:50%\">\n<figure class=\"wp-block-image size-full is-style-rounded is-style-rounded--6\"><img loading=\"lazy\" decoding=\"async\" width=\"750\" height=\"1000\" src=\"https:\/\/zelecsky-hradek.cz\/wp-content\/uploads\/2024\/03\/FullSizeRender-33.jpg\" alt=\"\" class=\"wp-image-120\" style=\"aspect-ratio:4\/3;object-fit:cover\" srcset=\"https:\/\/zelecsky-hradek.cz\/wp-content\/uploads\/2024\/03\/FullSizeRender-33.jpg 750w, https:\/\/zelecsky-hradek.cz\/wp-content\/uploads\/2024\/03\/FullSizeRender-33-225x300.jpg 225w\" sizes=\"auto, (max-width: 750px) 100vw, 750px\" \/><\/figure>\n<\/div>\n<\/div>\n<\/div>\n","protected":false},"excerpt":{"rendered":"<p>F\u00edb\u00ed (Phoebe \u017dele\u010dsk\u00fd hr\u00e1dek) se narodila 21. \u010dervna 2018 v na\u0161\u00ed chovn\u00e9 stanici. Jej\u00ed m\u00e1mou je Iggy \u017dele\u010dsk\u00fd hr\u00e1dek a t\u00e1tou Trust your heart Conalls Joy. Ml\u00e1d\u00ed Hned jak se narodila, tak n\u00e1m padla do oka. A to jsem je\u0161t\u011b ani nev\u011bd\u011bli, \u017ee jedno oko bude m\u00edt modr\u00e9. Tak\u017ee jsme si ji nechali a \u010dekali, [&hellip;]<\/p>\n","protected":false},"author":1,"featured_media":0,"parent":25,"menu_order":2,"comment_status":"closed","ping_status":"closed","template":"","meta":{"ngg_post_thumbnail":0,"footnotes":""},"class_list":["post-114","page","type-page","status-publish","hentry"],"_links":{"self":[{"href":"https:\/\/zelecsky-hradek.cz\/index.php\/wp-json\/wp\/v2\/pages\/114","targetHints":{"allow":["GET"]}}],"collection":[{"href":"https:\/\/zelecsky-hradek.cz\/index.php\/wp-json\/wp\/v2\/pages"}],"about":[{"href":"https:\/\/zelecsky-hradek.cz\/index.php\/wp-json\/wp\/v2\/types\/page"}],"author":[{"embeddable":true,"href":"https:\/\/zelecsky-hradek.cz\/index.php\/wp-json\/wp\/v2\/users\/1"}],"replies":[{"embeddable":true,"href":"https:\/\/zelecsky-hradek.cz\/index.php\/wp-json\/wp\/v2\/comments?post=114"}],"version-history":[{"count":7,"href":"https:\/\/zelecsky-hradek.cz\/index.php\/wp-json\/wp\/v2\/pages\/114\/revisions"}],"predecessor-version":[{"id":1338,"href":"https:\/\/zelecsky-hradek.cz\/index.php\/wp-json\/wp\/v2\/pages\/114\/revisions\/1338"}],"up":[{"embeddable":true,"href":"https:\/\/zelecsky-hradek.cz\/index.php\/wp-json\/wp\/v2\/pages\/25"}],"wp:attachment":[{"href":"https:\/\/zelecsky-hradek.cz\/index.php\/wp-json\/wp\/v2\/media?parent=114"}],"curies":[{"name":"wp","href":"https:\/\/api.w.org\/{rel}","templated":true}]}}