{"id":1087,"date":"2024-03-11T13:55:43","date_gmt":"2024-03-11T12:55:43","guid":{"rendered":"https:\/\/zelecsky-hradek.cz\/?page_id=1087"},"modified":"2024-03-21T10:15:27","modified_gmt":"2024-03-21T09:15:27","slug":"fibi-odchovy","status":"publish","type":"page","link":"https:\/\/zelecsky-hradek.cz\/index.php\/odchovy\/fibi-odchovy\/","title":{"rendered":"F\u00edb\u00ed odchovy"},"content":{"rendered":"\n<p>F\u00edb\u00ed odchovala zat\u00edm 2 vrhy. Jej\u00ed \u0161t\u011b\u0148\u00e1tka si m\u016f\u017eete p\u0159ipomenout n\u00ed\u017ee.<\/p>\n\n\n\n<p><strong>Byly to tyto vrhy:<\/strong><\/p>\n\n\n\n<details class=\"wp-block-details alignwide is-layout-flow wp-block-details-is-layout-flow\"><summary>Vrh T<\/summary>\n<div class=\"wp-block-columns is-layout-flex wp-container-core-columns-is-layout-28f84493 wp-block-columns-is-layout-flex\">\n<div class=\"wp-block-column is-layout-flow wp-block-column-is-layout-flow\">\n<figure class=\"wp-block-image size-large is-resized\"><img loading=\"lazy\" decoding=\"async\" width=\"513\" height=\"1024\" src=\"https:\/\/zelecsky-hradek.cz\/wp-content\/uploads\/2024\/03\/Fibi-513x1024.jpg\" alt=\"\" class=\"wp-image-1264\" style=\"width:178px;height:auto\" srcset=\"https:\/\/zelecsky-hradek.cz\/wp-content\/uploads\/2024\/03\/Fibi-513x1024.jpg 513w, https:\/\/zelecsky-hradek.cz\/wp-content\/uploads\/2024\/03\/Fibi-150x300.jpg 150w, https:\/\/zelecsky-hradek.cz\/wp-content\/uploads\/2024\/03\/Fibi.jpg 746w\" sizes=\"auto, (max-width: 513px) 100vw, 513px\" \/><\/figure>\n<\/div>\n\n\n\n<div class=\"wp-block-column is-layout-flow wp-block-column-is-layout-flow\">\n<p class=\"has-text-align-center has-large-font-size\"><strong>Vrh <\/strong>T<\/p>\n\n\n\n<p class=\"has-text-align-center\"><strong>Narozeni<\/strong>: 12. 4. 2021<\/p>\n\n\n\n<p class=\"has-text-align-center\"><strong>Matka:<\/strong><br><a href=\"https:\/\/zelecsky-hradek.cz\/index.php\/nasi-pejsci\/fibi\/\" data-type=\"page\" data-id=\"114\">Phoebe \u017dele\u010dsk\u00fd hr\u00e1dek<\/a><\/p>\n\n\n\n<p class=\"has-text-align-center\"><strong>Otec: <\/strong><br><a href=\"https:\/\/alkyra.estranky.cz\/clanky\/luna-tale-meet-moss.html\" target=\"_blank\" rel=\"noreferrer noopener\">Luna Tale Meet Moss<\/a><\/p>\n\n\n\n<p class=\"has-text-align-center\"><strong>Potomci<\/strong>:<br>Tango<br><\/p>\n<\/div>\n\n\n\n<div class=\"wp-block-column is-layout-flow wp-block-column-is-layout-flow\">\n<figure class=\"wp-block-image size-full\"><img loading=\"lazy\" decoding=\"async\" width=\"400\" height=\"319\" src=\"https:\/\/zelecsky-hradek.cz\/wp-content\/uploads\/2024\/03\/Luna-Tale-Meet-Moss.jpg\" alt=\"\" class=\"wp-image-1250\" srcset=\"https:\/\/zelecsky-hradek.cz\/wp-content\/uploads\/2024\/03\/Luna-Tale-Meet-Moss.jpg 400w, https:\/\/zelecsky-hradek.cz\/wp-content\/uploads\/2024\/03\/Luna-Tale-Meet-Moss-300x239.jpg 300w\" sizes=\"auto, (max-width: 400px) 100vw, 400px\" \/><\/figure>\n<\/div>\n<\/div>\n\n\n\n<p><\/p>\n\n\n\n<figure data-wp-context=\"{&quot;imageId&quot;:&quot;69f0bc6410b8c&quot;}\" data-wp-interactive=\"core\/image\" data-wp-key=\"69f0bc6410b8c\" class=\"wp-block-image size-medium wp-lightbox-container\"><img loading=\"lazy\" decoding=\"async\" width=\"232\" height=\"300\" data-wp-class--hide=\"state.isContentHidden\" data-wp-class--show=\"state.isContentVisible\" data-wp-init=\"callbacks.setButtonStyles\" data-wp-on--click=\"actions.showLightbox\" data-wp-on--load=\"callbacks.setButtonStyles\" data-wp-on-window--resize=\"callbacks.setButtonStyles\" src=\"https:\/\/zelecsky-hradek.cz\/wp-content\/uploads\/2024\/03\/PHOTO-2024-03-20-17-23-12-232x300.jpg\" alt=\"\" class=\"wp-image-1320\" srcset=\"https:\/\/zelecsky-hradek.cz\/wp-content\/uploads\/2024\/03\/PHOTO-2024-03-20-17-23-12-232x300.jpg 232w, https:\/\/zelecsky-hradek.cz\/wp-content\/uploads\/2024\/03\/PHOTO-2024-03-20-17-23-12-792x1024.jpg 792w, https:\/\/zelecsky-hradek.cz\/wp-content\/uploads\/2024\/03\/PHOTO-2024-03-20-17-23-12-768x992.jpg 768w, https:\/\/zelecsky-hradek.cz\/wp-content\/uploads\/2024\/03\/PHOTO-2024-03-20-17-23-12.jpg 866w\" sizes=\"auto, (max-width: 232px) 100vw, 232px\" \/><button\n\t\t\tclass=\"lightbox-trigger\"\n\t\t\ttype=\"button\"\n\t\t\taria-haspopup=\"dialog\"\n\t\t\taria-label=\"Zv\u011bt\u0161it\"\n\t\t\tdata-wp-init=\"callbacks.initTriggerButton\"\n\t\t\tdata-wp-on--click=\"actions.showLightbox\"\n\t\t\tdata-wp-style--right=\"state.imageButtonRight\"\n\t\t\tdata-wp-style--top=\"state.imageButtonTop\"\n\t\t>\n\t\t\t<svg xmlns=\"http:\/\/www.w3.org\/2000\/svg\" width=\"12\" height=\"12\" fill=\"none\" viewBox=\"0 0 12 12\">\n\t\t\t\t<path fill=\"#fff\" d=\"M2 0a2 2 0 0 0-2 2v2h1.5V2a.5.5 0 0 1 .5-.5h2V0H2Zm2 10.5H2a.5.5 0 0 1-.5-.5V8H0v2a2 2 0 0 0 2 2h2v-1.5ZM8 12v-1.5h2a.5.5 0 0 0 .5-.5V8H12v2a2 2 0 0 1-2 2H8Zm2-12a2 2 0 0 1 2 2v2h-1.5V2a.5.5 0 0 0-.5-.5H8V0h2Z\" \/>\n\t\t\t<\/svg>\n\t\t<\/button><figcaption class=\"wp-element-caption\">Tango<\/figcaption><\/figure>\n<\/details>\n\n\n\n<details class=\"wp-block-details alignwide is-layout-flow wp-block-details-is-layout-flow\"><summary>Vrh V<\/summary>\n<div class=\"wp-block-columns is-layout-flex wp-container-core-columns-is-layout-28f84493 wp-block-columns-is-layout-flex\">\n<div class=\"wp-block-column is-layout-flow wp-block-column-is-layout-flow\">\n<figure class=\"wp-block-image size-large is-resized\"><img loading=\"lazy\" decoding=\"async\" width=\"513\" height=\"1024\" src=\"https:\/\/zelecsky-hradek.cz\/wp-content\/uploads\/2024\/03\/Fibi-513x1024.jpg\" alt=\"\" class=\"wp-image-1264\" style=\"width:232px;height:auto\" srcset=\"https:\/\/zelecsky-hradek.cz\/wp-content\/uploads\/2024\/03\/Fibi-513x1024.jpg 513w, https:\/\/zelecsky-hradek.cz\/wp-content\/uploads\/2024\/03\/Fibi-150x300.jpg 150w, https:\/\/zelecsky-hradek.cz\/wp-content\/uploads\/2024\/03\/Fibi.jpg 746w\" sizes=\"auto, (max-width: 513px) 100vw, 513px\" \/><\/figure>\n<\/div>\n\n\n\n<div class=\"wp-block-column is-layout-flow wp-block-column-is-layout-flow\">\n<p class=\"has-text-align-center has-large-font-size\"><strong>VRH V<\/strong><\/p>\n\n\n\n<p class=\"has-text-align-center\"><strong>Narozeni<\/strong>: 17. 5. 2022<\/p>\n\n\n\n<p class=\"has-text-align-center\"><strong>Matka<\/strong>: <br><a href=\"https:\/\/zelecsky-hradek.cz\/index.php\/nasi-pejsci\/fibi\/\" data-type=\"page\" data-id=\"114\">Phoebe \u017dele\u010dsk\u00fd hr\u00e1dek<\/a><\/p>\n\n\n\n<p class=\"has-text-align-center\"><strong>Otec<\/strong>: <br><a href=\"https:\/\/alkyra.estranky.cz\/clanky\/neely-ferencik.html\" target=\"_blank\" rel=\"noreferrer noopener\">Neely Feren\u010d\u00edk<\/a><\/p>\n\n\n\n<p class=\"has-text-align-center\"><strong>Potomci<\/strong>:<br>Vicky<br>Vigo<br>Vixey<br>Vinnie Meggi<br>Vett\u00e4<br>Via Ebby<\/p>\n\n\n\n<p class=\"has-text-align-center\"><\/p>\n<\/div>\n\n\n\n<div class=\"wp-block-column is-layout-flow wp-block-column-is-layout-flow\">\n<figure class=\"wp-block-image size-full is-resized\"><img loading=\"lazy\" decoding=\"async\" width=\"210\" height=\"363\" src=\"https:\/\/zelecsky-hradek.cz\/wp-content\/uploads\/2024\/03\/Neely-Ferencik.jpg\" alt=\"\" class=\"wp-image-1309\" style=\"width:264px;height:auto\" srcset=\"https:\/\/zelecsky-hradek.cz\/wp-content\/uploads\/2024\/03\/Neely-Ferencik.jpg 210w, https:\/\/zelecsky-hradek.cz\/wp-content\/uploads\/2024\/03\/Neely-Ferencik-174x300.jpg 174w\" sizes=\"auto, (max-width: 210px) 100vw, 210px\" \/><\/figure>\n<\/div>\n<\/div>\n\n\n\n<p><\/p>\n\n\n\n<figure class=\"wp-block-gallery has-nested-images columns-default is-cropped wp-block-gallery-1 is-layout-flex wp-block-gallery-is-layout-flex\">\n<figure data-wp-context=\"{&quot;imageId&quot;:&quot;69f0bc6410e5b&quot;}\" data-wp-interactive=\"core\/image\" data-wp-key=\"69f0bc6410e5b\" class=\"wp-block-image size-large wp-lightbox-container\"><img loading=\"lazy\" decoding=\"async\" width=\"1024\" height=\"864\" data-wp-class--hide=\"state.isContentHidden\" data-wp-class--show=\"state.isContentVisible\" data-wp-init=\"callbacks.setButtonStyles\" data-wp-on--click=\"actions.showLightbox\" data-wp-on--load=\"callbacks.setButtonStyles\" data-wp-on-window--resize=\"callbacks.setButtonStyles\" data-id=\"1323\" src=\"https:\/\/zelecsky-hradek.cz\/wp-content\/uploads\/2024\/03\/vrh-V-1024x864.jpg\" alt=\"\" class=\"wp-image-1323\" srcset=\"https:\/\/zelecsky-hradek.cz\/wp-content\/uploads\/2024\/03\/vrh-V-1024x864.jpg 1024w, https:\/\/zelecsky-hradek.cz\/wp-content\/uploads\/2024\/03\/vrh-V-300x253.jpg 300w, https:\/\/zelecsky-hradek.cz\/wp-content\/uploads\/2024\/03\/vrh-V-768x648.jpg 768w, https:\/\/zelecsky-hradek.cz\/wp-content\/uploads\/2024\/03\/vrh-V-1536x1296.jpg 1536w, https:\/\/zelecsky-hradek.cz\/wp-content\/uploads\/2024\/03\/vrh-V.jpg 2048w\" sizes=\"auto, (max-width: 1024px) 100vw, 1024px\" \/><button\n\t\t\tclass=\"lightbox-trigger\"\n\t\t\ttype=\"button\"\n\t\t\taria-haspopup=\"dialog\"\n\t\t\taria-label=\"Zv\u011bt\u0161it\"\n\t\t\tdata-wp-init=\"callbacks.initTriggerButton\"\n\t\t\tdata-wp-on--click=\"actions.showLightbox\"\n\t\t\tdata-wp-style--right=\"state.imageButtonRight\"\n\t\t\tdata-wp-style--top=\"state.imageButtonTop\"\n\t\t>\n\t\t\t<svg xmlns=\"http:\/\/www.w3.org\/2000\/svg\" width=\"12\" height=\"12\" fill=\"none\" viewBox=\"0 0 12 12\">\n\t\t\t\t<path fill=\"#fff\" d=\"M2 0a2 2 0 0 0-2 2v2h1.5V2a.5.5 0 0 1 .5-.5h2V0H2Zm2 10.5H2a.5.5 0 0 1-.5-.5V8H0v2a2 2 0 0 0 2 2h2v-1.5ZM8 12v-1.5h2a.5.5 0 0 0 .5-.5V8H12v2a2 2 0 0 1-2 2H8Zm2-12a2 2 0 0 1 2 2v2h-1.5V2a.5.5 0 0 0-.5-.5H8V0h2Z\" \/>\n\t\t\t<\/svg>\n\t\t<\/button><\/figure>\n\n\n\n<figure data-wp-context=\"{&quot;imageId&quot;:&quot;69f0bc6410f64&quot;}\" data-wp-interactive=\"core\/image\" data-wp-key=\"69f0bc6410f64\" class=\"wp-block-image size-large wp-lightbox-container\"><img loading=\"lazy\" decoding=\"async\" width=\"944\" height=\"1024\" data-wp-class--hide=\"state.isContentHidden\" data-wp-class--show=\"state.isContentVisible\" data-wp-init=\"callbacks.setButtonStyles\" data-wp-on--click=\"actions.showLightbox\" data-wp-on--load=\"callbacks.setButtonStyles\" data-wp-on-window--resize=\"callbacks.setButtonStyles\" data-id=\"1322\" src=\"https:\/\/zelecsky-hradek.cz\/wp-content\/uploads\/2024\/03\/PHOTO-2024-03-20-17-25-37-944x1024.jpg\" alt=\"\" class=\"wp-image-1322\" srcset=\"https:\/\/zelecsky-hradek.cz\/wp-content\/uploads\/2024\/03\/PHOTO-2024-03-20-17-25-37-944x1024.jpg 944w, https:\/\/zelecsky-hradek.cz\/wp-content\/uploads\/2024\/03\/PHOTO-2024-03-20-17-25-37-277x300.jpg 277w, https:\/\/zelecsky-hradek.cz\/wp-content\/uploads\/2024\/03\/PHOTO-2024-03-20-17-25-37-768x833.jpg 768w, https:\/\/zelecsky-hradek.cz\/wp-content\/uploads\/2024\/03\/PHOTO-2024-03-20-17-25-37.jpg 959w\" sizes=\"auto, (max-width: 944px) 100vw, 944px\" \/><button\n\t\t\tclass=\"lightbox-trigger\"\n\t\t\ttype=\"button\"\n\t\t\taria-haspopup=\"dialog\"\n\t\t\taria-label=\"Zv\u011bt\u0161it\"\n\t\t\tdata-wp-init=\"callbacks.initTriggerButton\"\n\t\t\tdata-wp-on--click=\"actions.showLightbox\"\n\t\t\tdata-wp-style--right=\"state.imageButtonRight\"\n\t\t\tdata-wp-style--top=\"state.imageButtonTop\"\n\t\t>\n\t\t\t<svg xmlns=\"http:\/\/www.w3.org\/2000\/svg\" width=\"12\" height=\"12\" fill=\"none\" viewBox=\"0 0 12 12\">\n\t\t\t\t<path fill=\"#fff\" d=\"M2 0a2 2 0 0 0-2 2v2h1.5V2a.5.5 0 0 1 .5-.5h2V0H2Zm2 10.5H2a.5.5 0 0 1-.5-.5V8H0v2a2 2 0 0 0 2 2h2v-1.5ZM8 12v-1.5h2a.5.5 0 0 0 .5-.5V8H12v2a2 2 0 0 1-2 2H8Zm2-12a2 2 0 0 1 2 2v2h-1.5V2a.5.5 0 0 0-.5-.5H8V0h2Z\" \/>\n\t\t\t<\/svg>\n\t\t<\/button><figcaption class=\"wp-element-caption\">Vinnie Meggy<\/figcaption><\/figure>\n\n\n\n<figure data-wp-context=\"{&quot;imageId&quot;:&quot;69f0bc6411066&quot;}\" data-wp-interactive=\"core\/image\" data-wp-key=\"69f0bc6411066\" class=\"wp-block-image size-large wp-lightbox-container\"><img loading=\"lazy\" decoding=\"async\" width=\"959\" height=\"952\" data-wp-class--hide=\"state.isContentHidden\" data-wp-class--show=\"state.isContentVisible\" data-wp-init=\"callbacks.setButtonStyles\" data-wp-on--click=\"actions.showLightbox\" data-wp-on--load=\"callbacks.setButtonStyles\" data-wp-on-window--resize=\"callbacks.setButtonStyles\" data-id=\"1321\" src=\"https:\/\/zelecsky-hradek.cz\/wp-content\/uploads\/2024\/03\/PHOTO-2024-03-20-17-27-17.jpg\" alt=\"\" class=\"wp-image-1321\" srcset=\"https:\/\/zelecsky-hradek.cz\/wp-content\/uploads\/2024\/03\/PHOTO-2024-03-20-17-27-17.jpg 959w, https:\/\/zelecsky-hradek.cz\/wp-content\/uploads\/2024\/03\/PHOTO-2024-03-20-17-27-17-300x298.jpg 300w, https:\/\/zelecsky-hradek.cz\/wp-content\/uploads\/2024\/03\/PHOTO-2024-03-20-17-27-17-150x150.jpg 150w, https:\/\/zelecsky-hradek.cz\/wp-content\/uploads\/2024\/03\/PHOTO-2024-03-20-17-27-17-768x762.jpg 768w\" sizes=\"auto, (max-width: 959px) 100vw, 959px\" \/><button\n\t\t\tclass=\"lightbox-trigger\"\n\t\t\ttype=\"button\"\n\t\t\taria-haspopup=\"dialog\"\n\t\t\taria-label=\"Zv\u011bt\u0161it\"\n\t\t\tdata-wp-init=\"callbacks.initTriggerButton\"\n\t\t\tdata-wp-on--click=\"actions.showLightbox\"\n\t\t\tdata-wp-style--right=\"state.imageButtonRight\"\n\t\t\tdata-wp-style--top=\"state.imageButtonTop\"\n\t\t>\n\t\t\t<svg xmlns=\"http:\/\/www.w3.org\/2000\/svg\" width=\"12\" height=\"12\" fill=\"none\" viewBox=\"0 0 12 12\">\n\t\t\t\t<path fill=\"#fff\" d=\"M2 0a2 2 0 0 0-2 2v2h1.5V2a.5.5 0 0 1 .5-.5h2V0H2Zm2 10.5H2a.5.5 0 0 1-.5-.5V8H0v2a2 2 0 0 0 2 2h2v-1.5ZM8 12v-1.5h2a.5.5 0 0 0 .5-.5V8H12v2a2 2 0 0 1-2 2H8Zm2-12a2 2 0 0 1 2 2v2h-1.5V2a.5.5 0 0 0-.5-.5H8V0h2Z\" \/>\n\t\t\t<\/svg>\n\t\t<\/button><figcaption class=\"wp-element-caption\">Vixey<\/figcaption><\/figure>\n<\/figure>\n<\/details>\n","protected":false},"excerpt":{"rendered":"<p>F\u00edb\u00ed odchovala zat\u00edm 2 vrhy. Jej\u00ed \u0161t\u011b\u0148\u00e1tka si m\u016f\u017eete p\u0159ipomenout n\u00ed\u017ee. Byly to tyto vrhy:<\/p>\n","protected":false},"author":1,"featured_media":1082,"parent":156,"menu_order":0,"comment_status":"closed","ping_status":"closed","template":"","meta":{"ngg_post_thumbnail":0,"footnotes":""},"class_list":["post-1087","page","type-page","status-publish","has-post-thumbnail","hentry"],"_links":{"self":[{"href":"https:\/\/zelecsky-hradek.cz\/index.php\/wp-json\/wp\/v2\/pages\/1087","targetHints":{"allow":["GET"]}}],"collection":[{"href":"https:\/\/zelecsky-hradek.cz\/index.php\/wp-json\/wp\/v2\/pages"}],"about":[{"href":"https:\/\/zelecsky-hradek.cz\/index.php\/wp-json\/wp\/v2\/types\/page"}],"author":[{"embeddable":true,"href":"https:\/\/zelecsky-hradek.cz\/index.php\/wp-json\/wp\/v2\/users\/1"}],"replies":[{"embeddable":true,"href":"https:\/\/zelecsky-hradek.cz\/index.php\/wp-json\/wp\/v2\/comments?post=1087"}],"version-history":[{"count":5,"href":"https:\/\/zelecsky-hradek.cz\/index.php\/wp-json\/wp\/v2\/pages\/1087\/revisions"}],"predecessor-version":[{"id":1325,"href":"https:\/\/zelecsky-hradek.cz\/index.php\/wp-json\/wp\/v2\/pages\/1087\/revisions\/1325"}],"up":[{"embeddable":true,"href":"https:\/\/zelecsky-hradek.cz\/index.php\/wp-json\/wp\/v2\/pages\/156"}],"wp:featuredmedia":[{"embeddable":true,"href":"https:\/\/zelecsky-hradek.cz\/index.php\/wp-json\/wp\/v2\/media\/1082"}],"wp:attachment":[{"href":"https:\/\/zelecsky-hradek.cz\/index.php\/wp-json\/wp\/v2\/media?parent=1087"}],"curies":[{"name":"wp","href":"https:\/\/api.w.org\/{rel}","templated":true}]}}