{"id":104,"date":"2024-03-03T10:58:01","date_gmt":"2024-03-03T09:58:01","guid":{"rendered":"https:\/\/zelecsky-hradek.cz\/?page_id=104"},"modified":"2024-03-20T11:43:44","modified_gmt":"2024-03-20T10:43:44","slug":"eco","status":"publish","type":"page","link":"https:\/\/zelecsky-hradek.cz\/index.php\/nasi-pejsci\/eco\/","title":{"rendered":"Eco"},"content":{"rendered":"\n<p class=\"has-text-align-center\">Eco \u017dele\u010dsk\u00fd hr\u00e1dek se narodila 3. dubna 2011 v na\u0161\u00ed chovn\u00e9 stanici. Jej\u00ed matkou je Besinka.<\/p>\n\n\n\n<figure class=\"wp-block-image size-full is-style-rounded is-style-rounded--1\"><img loading=\"lazy\" decoding=\"async\" width=\"1000\" height=\"817\" src=\"https:\/\/zelecsky-hradek.cz\/wp-content\/uploads\/2024\/03\/eco_mala.jpg\" alt=\"\" class=\"wp-image-105\" srcset=\"https:\/\/zelecsky-hradek.cz\/wp-content\/uploads\/2024\/03\/eco_mala.jpg 1000w, https:\/\/zelecsky-hradek.cz\/wp-content\/uploads\/2024\/03\/eco_mala-300x245.jpg 300w, https:\/\/zelecsky-hradek.cz\/wp-content\/uploads\/2024\/03\/eco_mala-768x627.jpg 768w\" sizes=\"auto, (max-width: 1000px) 100vw, 1000px\" \/><\/figure>\n\n\n\n<hr class=\"wp-block-separator has-alpha-channel-opacity\"\/>\n\n\n\n<div class=\"wp-block-group alignfull has-background has-global-padding is-layout-constrained wp-container-core-group-is-layout-d89aad35 wp-block-group-is-layout-constrained\" style=\"background-color:#b24c2d40;margin-top:0;margin-bottom:0;padding-top:var(--wp--preset--spacing--50);padding-right:var(--wp--preset--spacing--50);padding-bottom:var(--wp--preset--spacing--50);padding-left:var(--wp--preset--spacing--50)\">\n<div class=\"wp-block-columns alignwide are-vertically-aligned-center is-layout-flex wp-container-core-columns-is-layout-47c06fe3 wp-block-columns-is-layout-flex\">\n<div class=\"wp-block-column is-vertically-aligned-center is-layout-flow wp-block-column-is-layout-flow\" style=\"flex-basis:50%\">\n<h2 class=\"wp-block-heading\">Eco \u0161t\u011bn\u011bc\u00ed l\u00e9ta<\/h2>\n\n\n\n<p>Eco vede pracovn\u00ed krev po sv\u00e9 matce. M\u00e1 v\u00fdborn\u00e9 vlohy pro pasen\u00ed, agilty a kynologii. Je to velmi aktivn\u00ed, pracovn\u00ed borderka. Na\u0161i Eco prost\u011b bav\u00ed v\u0161e, kde se n\u011bco d\u011bje.<\/p>\n\n\n\n<p>Eco se l\u00edbily ove\u010dky u\u017e od mali\u010dka. A proto pasen\u00ed na sebe nedalo dlouho \u010dekat.<\/p>\n\n\n\n<p>Jako prvn\u00ed slo\u017eila Eco vlohovou zkou\u0161ku z pasen\u00ed. Bylo to 15. 8. 2012 ZVOP v Budi\u0161ov\u011b nad Budi\u0161ovkou. Vzhledem k tomu, \u017ee je Eco moc \u0161ikovn\u00e1 chyst\u00e1me se s n\u00ed i na dal\u0161\u00ed pasec\u00ed zkou\u0161ky. P\u0159ipravujeme ji na HWT.<br><\/p>\n<\/div>\n\n\n\n<div class=\"wp-block-column is-vertically-aligned-center is-layout-flow wp-block-column-is-layout-flow\" style=\"flex-basis:50%\">\n<figure class=\"wp-block-image size-full is-resized is-style-rounded is-style-rounded--2\"><img loading=\"lazy\" decoding=\"async\" width=\"1024\" height=\"768\" src=\"https:\/\/zelecsky-hradek.cz\/wp-content\/uploads\/2024\/03\/stenata_pozoruje_ovci_pres_plot.jpg\" alt=\"\" class=\"wp-image-106\" style=\"object-fit:cover;width:461px;height:auto\" srcset=\"https:\/\/zelecsky-hradek.cz\/wp-content\/uploads\/2024\/03\/stenata_pozoruje_ovci_pres_plot.jpg 1024w, https:\/\/zelecsky-hradek.cz\/wp-content\/uploads\/2024\/03\/stenata_pozoruje_ovci_pres_plot-300x225.jpg 300w, https:\/\/zelecsky-hradek.cz\/wp-content\/uploads\/2024\/03\/stenata_pozoruje_ovci_pres_plot-768x576.jpg 768w\" sizes=\"auto, (max-width: 1024px) 100vw, 1024px\" \/><\/figure>\n<\/div>\n<\/div>\n<\/div>\n\n\n\n<div class=\"wp-block-group alignfull has-global-padding is-layout-constrained wp-container-core-group-is-layout-d89aad35 wp-block-group-is-layout-constrained\" style=\"margin-top:0;margin-bottom:0;padding-top:var(--wp--preset--spacing--50);padding-right:var(--wp--preset--spacing--50);padding-bottom:var(--wp--preset--spacing--50);padding-left:var(--wp--preset--spacing--50)\">\n<div class=\"wp-block-columns alignwide are-vertically-aligned-top is-layout-flex wp-container-core-columns-is-layout-47c06fe3 wp-block-columns-is-layout-flex\">\n<div class=\"wp-block-column is-vertically-aligned-top is-layout-flow wp-block-column-is-layout-flow\" style=\"flex-basis:50%\">\n<figure class=\"wp-block-image size-full is-resized is-style-rounded is-style-rounded--3\"><img loading=\"lazy\" decoding=\"async\" width=\"619\" height=\"855\" src=\"https:\/\/zelecsky-hradek.cz\/wp-content\/uploads\/2024\/03\/eco_poslusnost.jpg\" alt=\"\" class=\"wp-image-107\" style=\"aspect-ratio:1.3333333333333333;object-fit:cover;width:500px;height:auto\" srcset=\"https:\/\/zelecsky-hradek.cz\/wp-content\/uploads\/2024\/03\/eco_poslusnost.jpg 619w, https:\/\/zelecsky-hradek.cz\/wp-content\/uploads\/2024\/03\/eco_poslusnost-217x300.jpg 217w\" sizes=\"auto, (max-width: 619px) 100vw, 619px\" \/><\/figure>\n<\/div>\n\n\n\n<div class=\"wp-block-column is-vertically-aligned-top is-layout-flow wp-block-column-is-layout-flow\" style=\"flex-basis:50%\">\n<h2 class=\"wp-block-heading\">V\u00fdcvik<\/h2>\n\n\n\n<p>Dne 22. z\u00e1\u0159\u00ed 2012 Eco slo\u017eila zkou\u0161ku ZZO, ve kter\u00e9 prosp\u011bla na v\u00fdbornou. <\/p>\n\n\n\n<p>Dal\u0161\u00ed zkou\u0161ku poslu\u0161nosti tentokr\u00e1t BH slo\u017eila 20.dubna 2013. Jej\u00ed prvn\u00ed zkou\u0161ka z kynologie byla ZM (stopa, poslu\u0161nost, obrana). Konala se v Prost\u011bjov\u011b dne 30. 3. 2013.<\/p>\n<\/div>\n<\/div>\n<\/div>\n\n\n\n<div class=\"wp-block-group alignfull has-background has-global-padding is-layout-constrained wp-container-core-group-is-layout-d89aad35 wp-block-group-is-layout-constrained\" style=\"background-color:#b24c2d40;margin-top:0;margin-bottom:0;padding-top:var(--wp--preset--spacing--50);padding-right:var(--wp--preset--spacing--50);padding-bottom:var(--wp--preset--spacing--50);padding-left:var(--wp--preset--spacing--50)\">\n<div class=\"wp-block-columns alignwide are-vertically-aligned-center is-layout-flex wp-container-core-columns-is-layout-47c06fe3 wp-block-columns-is-layout-flex\">\n<div class=\"wp-block-column is-vertically-aligned-center is-layout-flow wp-block-column-is-layout-flow\" style=\"flex-basis:50%\">\n<h2 class=\"wp-block-heading\">Zkou\u0161ky a v\u00fdstava<\/h2>\n\n\n\n<p>Moment\u00e1ln\u011b je p\u0159ipravena na dal\u0161\u00ed zkou\u0161ky ZVV1, ZVV 2, IPO 3, FPr1 \u2013 FPr3 kter\u00e9 budeme d\u011blat na ja\u0159e 2014.<\/p>\n\n\n\n<p>Eco m\u00e1 prost\u011b r\u00e1da v\u0161echno. M\u00e1 r\u00e1da poslu\u0161nost, je v\u00fdborn\u00e1 stopa\u0159ka, tak i obran\u00e1\u0159ka.<\/p>\n\n\n\n<p>Dne 4. ledna 2014 jsme byli s Eco na Han\u00e1ck\u00e9 v\u00fdstav\u011b v Brn\u011b. Eco z\u00edskala V 4.<\/p>\n<\/div>\n\n\n\n<div class=\"wp-block-column is-vertically-aligned-center is-layout-flow wp-block-column-is-layout-flow\" style=\"flex-basis:50%\">\n<figure class=\"wp-block-image size-full is-style-rounded is-style-rounded--4\"><img loading=\"lazy\" decoding=\"async\" width=\"632\" height=\"756\" src=\"https:\/\/zelecsky-hradek.cz\/wp-content\/uploads\/2024\/03\/eco_obrana.jpg\" alt=\"\" class=\"wp-image-108\" style=\"aspect-ratio:4\/3;object-fit:cover\" srcset=\"https:\/\/zelecsky-hradek.cz\/wp-content\/uploads\/2024\/03\/eco_obrana.jpg 632w, https:\/\/zelecsky-hradek.cz\/wp-content\/uploads\/2024\/03\/eco_obrana-251x300.jpg 251w\" sizes=\"auto, (max-width: 632px) 100vw, 632px\" \/><\/figure>\n<\/div>\n<\/div>\n<\/div>\n\n\n\n<div class=\"wp-block-group alignfull has-global-padding is-layout-constrained wp-container-core-group-is-layout-d89aad35 wp-block-group-is-layout-constrained\" style=\"margin-top:0;margin-bottom:0;padding-top:var(--wp--preset--spacing--50);padding-right:var(--wp--preset--spacing--50);padding-bottom:var(--wp--preset--spacing--50);padding-left:var(--wp--preset--spacing--50)\">\n<div class=\"wp-block-columns alignwide is-layout-flex wp-container-core-columns-is-layout-47c06fe3 wp-block-columns-is-layout-flex\">\n<div class=\"wp-block-column is-vertically-aligned-center is-layout-flow wp-block-column-is-layout-flow\" style=\"flex-basis:50%\">\n<figure class=\"wp-block-image size-full is-style-rounded is-style-rounded--5\"><img loading=\"lazy\" decoding=\"async\" width=\"705\" height=\"524\" src=\"https:\/\/zelecsky-hradek.cz\/wp-content\/uploads\/2024\/03\/eco_agility.jpg\" alt=\"\" class=\"wp-image-109\" style=\"aspect-ratio:4\/3;object-fit:cover\" srcset=\"https:\/\/zelecsky-hradek.cz\/wp-content\/uploads\/2024\/03\/eco_agility.jpg 705w, https:\/\/zelecsky-hradek.cz\/wp-content\/uploads\/2024\/03\/eco_agility-300x223.jpg 300w\" sizes=\"auto, (max-width: 705px) 100vw, 705px\" \/><\/figure>\n<\/div>\n\n\n\n<div class=\"wp-block-column is-vertically-aligned-top is-layout-flow wp-block-column-is-layout-flow\" style=\"flex-basis:50%\">\n<h2 class=\"wp-block-heading\">Agility &amp; \u0161t\u011b\u0148ata<\/h2>\n\n\n\n<p>Ve voln\u00e9m \u010dase b\u011bh\u00e1me tak\u00e9 agility. Pro cvi\u010den\u00ed vyu\u017e\u00edv\u00e1me prostory v Prost\u011bjov\u011b na kynologick\u00e9m cvi\u010di\u0161ti.<\/p>\n\n\n\n<p>V\u00edce o \u0161t\u011b\u0148\u00e1tk\u00e1ch, kter\u00e9 Eco odchovala se dozv\u00edte v Eco \u2013 odchovy.<\/p>\n\n\n\n<div class=\"wp-block-buttons is-layout-flex wp-block-buttons-is-layout-flex\">\n<div class=\"wp-block-button\"><a class=\"wp-block-button__link wp-element-button\" href=\"https:\/\/zelecsky-hradek.cz\/index.php\/odchovy\/eco-odchovy\/\">Eco odchovy<\/a><\/div>\n<\/div>\n<\/div>\n<\/div>\n<\/div>\n\n\n\n<div class=\"wp-block-group alignfull has-background has-global-padding is-layout-constrained wp-container-core-group-is-layout-d89aad35 wp-block-group-is-layout-constrained\" style=\"background-color:#b24c2d40;margin-top:0;margin-bottom:0;padding-top:var(--wp--preset--spacing--50);padding-right:var(--wp--preset--spacing--50);padding-bottom:var(--wp--preset--spacing--50);padding-left:var(--wp--preset--spacing--50)\">\n<div class=\"wp-block-columns alignwide are-vertically-aligned-center is-layout-flex wp-container-core-columns-is-layout-47c06fe3 wp-block-columns-is-layout-flex\">\n<div class=\"wp-block-column is-vertically-aligned-center is-layout-flow wp-block-column-is-layout-flow\" style=\"flex-basis:50%\">\n<h2 class=\"wp-block-heading\">Zkou\u0161ky<\/h2>\n\n\n\n<p><strong>Otec<\/strong>: Faust Foxy Fox <br><strong>Matka<\/strong>: Alma Otasl\u00e1va<\/p>\n\n\n\n<p><strong>Eco zkou\u0161ky: <\/strong><\/p>\n\n\n\n<ul class=\"is-style-checkmark-list wp-block-list\">\n<li>ZVOP, <\/li>\n\n\n\n<li>ZZO, <\/li>\n\n\n\n<li>ZM, <\/li>\n\n\n\n<li>BH, <\/li>\n\n\n\n<li>IPO 1, IPO 2, IPO 3, <\/li>\n\n\n\n<li>FPr 1, FPr 2, FPr 3, <\/li>\n\n\n\n<li>ZVV1, ZVV2, <\/li>\n\n\n\n<li>ZPS 1<\/li>\n<\/ul>\n\n\n\n<div class=\"wp-block-buttons is-layout-flex wp-block-buttons-is-layout-flex\">\n<div class=\"wp-block-button\"><a class=\"wp-block-button__link wp-element-button\" href=\"https:\/\/zelecsky-hradek.cz\/index.php\/o-nas\/rodokmeny-a-zdravi\/#Eco-rodokmen\">Rodokmen a zdrav\u00ed<\/a><\/div>\n<\/div>\n<\/div>\n\n\n\n<div class=\"wp-block-column is-vertically-aligned-center is-layout-flow wp-block-column-is-layout-flow\" style=\"flex-basis:50%\">\n<figure class=\"wp-block-image size-full is-resized is-style-rounded is-style-rounded--6\"><img loading=\"lazy\" decoding=\"async\" width=\"1000\" height=\"758\" src=\"https:\/\/zelecsky-hradek.cz\/wp-content\/uploads\/2024\/03\/eco_zaverecna.jpg\" alt=\"\" class=\"wp-image-110\" style=\"aspect-ratio:1.3333333333333333;object-fit:cover;width:484px;height:auto\" srcset=\"https:\/\/zelecsky-hradek.cz\/wp-content\/uploads\/2024\/03\/eco_zaverecna.jpg 1000w, https:\/\/zelecsky-hradek.cz\/wp-content\/uploads\/2024\/03\/eco_zaverecna-300x227.jpg 300w, https:\/\/zelecsky-hradek.cz\/wp-content\/uploads\/2024\/03\/eco_zaverecna-768x582.jpg 768w\" sizes=\"auto, (max-width: 1000px) 100vw, 1000px\" \/><\/figure>\n<\/div>\n<\/div>\n<\/div>\n","protected":false},"excerpt":{"rendered":"<p>Eco \u017dele\u010dsk\u00fd hr\u00e1dek se narodila 3. dubna 2011 v na\u0161\u00ed chovn\u00e9 stanici. Jej\u00ed matkou je Besinka. Eco \u0161t\u011bn\u011bc\u00ed l\u00e9ta Eco vede pracovn\u00ed krev po sv\u00e9 matce. M\u00e1 v\u00fdborn\u00e9 vlohy pro pasen\u00ed, agilty a kynologii. Je to velmi aktivn\u00ed, pracovn\u00ed borderka. Na\u0161i Eco prost\u011b bav\u00ed v\u0161e, kde se n\u011bco d\u011bje. Eco se l\u00edbily ove\u010dky u\u017e od [&hellip;]<\/p>\n","protected":false},"author":1,"featured_media":0,"parent":25,"menu_order":4,"comment_status":"closed","ping_status":"closed","template":"","meta":{"ngg_post_thumbnail":0,"footnotes":""},"class_list":["post-104","page","type-page","status-publish","hentry"],"_links":{"self":[{"href":"https:\/\/zelecsky-hradek.cz\/index.php\/wp-json\/wp\/v2\/pages\/104","targetHints":{"allow":["GET"]}}],"collection":[{"href":"https:\/\/zelecsky-hradek.cz\/index.php\/wp-json\/wp\/v2\/pages"}],"about":[{"href":"https:\/\/zelecsky-hradek.cz\/index.php\/wp-json\/wp\/v2\/types\/page"}],"author":[{"embeddable":true,"href":"https:\/\/zelecsky-hradek.cz\/index.php\/wp-json\/wp\/v2\/users\/1"}],"replies":[{"embeddable":true,"href":"https:\/\/zelecsky-hradek.cz\/index.php\/wp-json\/wp\/v2\/comments?post=104"}],"version-history":[{"count":4,"href":"https:\/\/zelecsky-hradek.cz\/index.php\/wp-json\/wp\/v2\/pages\/104\/revisions"}],"predecessor-version":[{"id":1300,"href":"https:\/\/zelecsky-hradek.cz\/index.php\/wp-json\/wp\/v2\/pages\/104\/revisions\/1300"}],"up":[{"embeddable":true,"href":"https:\/\/zelecsky-hradek.cz\/index.php\/wp-json\/wp\/v2\/pages\/25"}],"wp:attachment":[{"href":"https:\/\/zelecsky-hradek.cz\/index.php\/wp-json\/wp\/v2\/media?parent=104"}],"curies":[{"name":"wp","href":"https:\/\/api.w.org\/{rel}","templated":true}]}}